{"id":2,"date":"2025-09-13T04:12:42","date_gmt":"2025-09-13T04:12:42","guid":{"rendered":"https:\/\/ytetanhong.123websitedev.com\/?page_id=2"},"modified":"2025-11-27T10:48:42","modified_gmt":"2025-11-27T03:48:42","slug":"trang-chu","status":"publish","type":"page","link":"https:\/\/chungtatech.com.vn\/en\/","title":{"rendered":"Home"},"content":{"rendered":"<section class=\"section\" id=\"section_2021198752\">\n\t\t<div class=\"section-bg fill\" >\n\t\t\t\t\t\t\t\t\t\n\t\t\t\n\n\t\t<\/div>\n\n\t\t\n\n\t\t<div class=\"section-content relative\">\n\t\t\t\n\n\n\t\t\t<!-- START Sliderhome REVOLUTION SLIDER 6.4.8 --><p class=\"rs-p-wp-fix\"><\/p>\n\t\t\t<rs-module-wrap id=\"rev_slider_1_1_wrapper\" data-source=\"gallery\" style=\"background:transparent;padding:0;margin:0px auto;margin-top:0;margin-bottom:0;\">\n\t\t\t\t<rs-module id=\"rev_slider_1_1\" style=\"\" data-version=\"6.4.8\">\n\t\t\t\t\t<rs-slides>\n\t\t\t\t\t\t<rs-slide data-key=\"rs-8\" data-title=\"Slide\" data-thumb=\"\/\/chungtatech.com.vn\/wp-content\/uploads\/revslider\/slider-home\/hinh-slider-01-50x100.jpg\" data-anim=\"p:dark;\" data-in=\"prst:rndany;o:0;\" data-out=\"o:0;\">\n\t\t\t\t\t\t\t<img loading=\"lazy\" decoding=\"async\" src=\"\/\/chungtatech.com.vn\/wp-content\/uploads\/revslider\/slider-home\/hinh-slider-01.jpg\" title=\"hinh-slider-01.jpg\" width=\"1920\" height=\"1079\" class=\"rev-slidebg tp-rs-img\" data-no-retina>\n<!--\n\t\t\t\t\t\t\t--><h1\n\t\t\t\t\t\t\t\tid=\"slider-1-slide-8-layer-0\" \n\t\t\t\t\t\t\t\tclass=\"rs-layer\"\n\t\t\t\t\t\t\t\tdata-type=\"text\"\n\t\t\t\t\t\t\t\tdata-rsp_ch=\"on\"\n\t\t\t\t\t\t\t\tdata-xy=\"x:c;y:m;yo:-64px,-64px,-25px,-76px;\"\n\t\t\t\t\t\t\t\tdata-text=\"w:normal;s:56,56,22,30;l:70,70,28,35;fw:600;a:center;\"\n\t\t\t\t\t\t\t\tdata-dim=\"w:35%,35%,35%,100%;\"\n\t\t\t\t\t\t\t\tdata-frame_999=\"o:0;st:w;\"\n\t\t\t\t\t\t\t\tstyle=\"z-index:9;font-family:Inter;text-transform:uppercase;\"\n\t\t\t\t\t\t\t>We Technical Trading and Service Company Limited \n\t\t\t\t\t\t\t<\/h1><!--\n\n\t\t\t\t\t\t\t--><rs-layer\n\t\t\t\t\t\t\t\tid=\"slider-1-slide-8-layer-1\" \n\t\t\t\t\t\t\t\tdata-type=\"shape\"\n\t\t\t\t\t\t\t\tdata-rsp_ch=\"on\"\n\t\t\t\t\t\t\t\tdata-text=\"w:normal;s:20,20,7,4;l:0,0,9,6;\"\n\t\t\t\t\t\t\t\tdata-dim=\"w:100%;h:100%;\"\n\t\t\t\t\t\t\t\tdata-basealign=\"slide\"\n\t\t\t\t\t\t\t\tdata-frame_0=\"x:left;\"\n\t\t\t\t\t\t\t\tdata-frame_1=\"sp:1000;\"\n\t\t\t\t\t\t\t\tdata-frame_999=\"o:0;st:w;\"\n\t\t\t\t\t\t\t\tstyle=\"z-index:8;background-color:rgba(0,0,0,0.3);\"\n\t\t\t\t\t\t\t> \n\t\t\t\t\t\t\t<\/rs-layer><!--\n\n\t\t\t\t\t\t\t--><a\n\t\t\t\t\t\t\t\tid=\"slider-1-slide-8-layer-3\" \n\t\t\t\t\t\t\t\tclass=\"rs-layer rev-btn\"\n\t\t\t\t\t\t\t\thref=\"https:\/\/chungtatech.com.vn\/en\/gioi-thieu\/\" target=\"_self\"\n\t\t\t\t\t\t\t\tdata-type=\"button\"\n\t\t\t\t\t\t\t\tdata-rsp_ch=\"on\"\n\t\t\t\t\t\t\t\tdata-xy=\"x:c;y:m;yo:68px,68px,27px,9px;\"\n\t\t\t\t\t\t\t\tdata-text=\"w:normal;s:18,18,6,14;l:50,50,19,39;fw:500;\"\n\t\t\t\t\t\t\t\tdata-dim=\"minh:0px,0px,none,none;\"\n\t\t\t\t\t\t\t\tdata-padding=\"r:40,40,16,36;l:40,40,16,36;\"\n\t\t\t\t\t\t\t\tdata-border=\"bor:5px,5px,5px,5px;\"\n\t\t\t\t\t\t\t\tdata-frame_0=\"x:0,0,0,0px;y:0,0,0,0px;\"\n\t\t\t\t\t\t\t\tdata-frame_1=\"x:0,0,0,0px;y:0,0,0,0px;\"\n\t\t\t\t\t\t\t\tdata-frame_999=\"o:0;st:w;\"\n\t\t\t\t\t\t\t\tdata-frame_hover=\"c:#1f2b6c;bgc:#c7c7cc;boc:#1f2b6c;bor:5px,5px,5px,5px;bos:solid;e:power1.inOut;bri:120%;\"\n\t\t\t\t\t\t\t\tstyle=\"z-index:11;background-color:#1f2b6c;font-family:Inter;\"\n\t\t\t\t\t\t\t>SINCE 2009 \n\t\t\t\t\t\t\t<\/a><!--\n-->\t\t\t\t\t\t<\/rs-slide>\n\t\t\t\t\t\t<rs-slide data-key=\"rs-3\" data-title=\"Slide\" data-thumb=\"\/\/img.youtube.com\/vi\/JnAEGf-55JU\/sddefault.jpg\" data-in=\"o:0;\" data-out=\"a:false;\">\n\t\t\t\t\t\t\t<img loading=\"lazy\" decoding=\"async\" src=\"\/\/img.youtube.com\/vi\/JnAEGf-55JU\/sddefault.jpg\" title=\"hinh-slider-01.jpg\" width=\"1920\" height=\"1079\" class=\"rev-slidebg tp-rs-img\" data-no-retina>\n\t\t\t\t\t\t\t<rs-bgvideo \n\t\t\t\t\t\t\t\tdata-video=\"vc:none;w:100%;h:100%;sta:01:00;nse:false;rwd:false;l:true;ptimer:false;\"\n\t\t\t\t\t\t\t\tdata-ytid=\"JnAEGf-55JU\"\n\t\t\t\t\t\t\t\tdata-vatr=\"version=3&amp;enablejsapi=1&amp;html5=1&amp;hd=1&amp;wmode=opaque&amp;showinfo=0&amp;rel=0&amp;origin=https:\/\/chungtatech.com.vn;\"\n\t\t\t\t\t\t\t><\/rs-bgvideo>\n<!---->\t\t\t\t\t\t<\/rs-slide>\n\t\t\t\t\t<\/rs-slides>\n\t\t\t\t\t<rs-static-layers><!--\n\t\t\t\t\t--><\/rs-static-layers>\n\t\t\t\t<\/rs-module>\n\t\t\t\t<script type=\"text\/javascript\">\n\t\t\t\t\tsetREVStartSize({c: 'rev_slider_1_1',rl:[1240,1240,778,480],el:[850,850,960,520],gw:[1920,1920,778,480],gh:[850,850,960,520],type:'standard',justify:'',layout:'fullwidth',mh:\"0\"});\n\t\t\t\t\tvar\trevapi1,\n\t\t\t\t\t\ttpj;\n\t\t\t\t\tfunction revinit_revslider11() {\n\t\t\t\t\tjQuery(function() {\n\t\t\t\t\t\ttpj = jQuery;\n\t\t\t\t\t\trevapi1 = tpj(\"#rev_slider_1_1\");\n\t\t\t\t\t\tif(revapi1==undefined || revapi1.revolution == undefined){\n\t\t\t\t\t\t\trevslider_showDoubleJqueryError(\"rev_slider_1_1\");\n\t\t\t\t\t\t}else{\n\t\t\t\t\t\t\trevapi1.revolution({\n\t\t\t\t\t\t\t\tDPR:\"dpr\",\n\t\t\t\t\t\t\t\tsliderLayout:\"fullwidth\",\n\t\t\t\t\t\t\t\tvisibilityLevels:\"1240,1240,778,480\",\n\t\t\t\t\t\t\t\tgridwidth:\"1920,1920,778,480\",\n\t\t\t\t\t\t\t\tgridheight:\"850,850,960,520\",\n\t\t\t\t\t\t\t\tperspective:600,\n\t\t\t\t\t\t\t\tperspectiveType:\"global\",\n\t\t\t\t\t\t\t\teditorheight:\"850,768,960,520\",\n\t\t\t\t\t\t\t\tresponsiveLevels:\"1240,1240,778,480\",\n\t\t\t\t\t\t\t\tajaxUrl:\"https:\/\/chungtatech.com.vn\/wp-admin\/admin-ajax.php\",\n\t\t\t\t\t\t\t\tprogressBar:{disableProgressBar:true},\n\t\t\t\t\t\t\t\tnavigation: {\n\t\t\t\t\t\t\t\t\twheelCallDelay:1000,\n\t\t\t\t\t\t\t\t\tonHoverStop:false,\n\t\t\t\t\t\t\t\t\tarrows: {\n\t\t\t\t\t\t\t\t\t\tenable:true,\n\t\t\t\t\t\t\t\t\t\tstyle:\"hesperiden\",\n\t\t\t\t\t\t\t\t\t\tleft: {\n\t\t\t\t\t\t\t\t\t\t\th_offset:30\n\t\t\t\t\t\t\t\t\t\t},\n\t\t\t\t\t\t\t\t\t\tright: {\n\t\t\t\t\t\t\t\t\t\t\th_offset:30\n\t\t\t\t\t\t\t\t\t\t}\n\t\t\t\t\t\t\t\t\t}\n\t\t\t\t\t\t\t\t},\n\t\t\t\t\t\t\t\tfallbacks: {\n\t\t\t\t\t\t\t\t\tallowHTML5AutoPlayOnAndroid:true\n\t\t\t\t\t\t\t\t},\n\t\t\t\t\t\t\t});\n\t\t\t\t\t\t}\n\t\t\t\t\t\t\n\t\t\t\t\t});\n\t\t\t\t\t} \/\/ End of RevInitScript\n\t\t\t\tvar once_revslider11 = false;\n\t\t\t\tif (document.readyState === \"loading\") {document.addEventListener('readystatechange',function() { if((document.readyState === \"interactive\" || document.readyState === \"complete\") && !once_revslider11 ) { once_revslider11 = true; revinit_revslider11();}});} else {once_revslider11 = true; revinit_revslider11();}\n\t\t\t\t<\/script>\n\t\t\t\t<script>\n\t\t\t\t\tvar htmlDivCss = unescape(\"%23rev_slider_1_1_wrapper%20.hesperiden.tparrows%20%7B%0A%09cursor%3Apointer%3B%0A%09background%3Argba%280%2C0%2C0%2C0.5%29%3B%0A%09width%3A40px%3B%0A%09height%3A40px%3B%0A%09position%3Aabsolute%3B%0A%09display%3Ablock%3B%0A%09z-index%3A1000%3B%0A%20%20%20%20border-radius%3A%2050%25%3B%0A%7D%0A%23rev_slider_1_1_wrapper%20.hesperiden.tparrows%3Ahover%20%7B%0A%09background%3A%23000000%3B%0A%7D%0A%23rev_slider_1_1_wrapper%20.hesperiden.tparrows%3Abefore%20%7B%0A%09font-family%3A%20%27revicons%27%3B%0A%09font-size%3A20px%3B%0A%09color%3A%23ffffff%3B%0A%09display%3Ablock%3B%0A%09line-height%3A%2040px%3B%0A%09text-align%3A%20center%3B%0A%7D%0A%23rev_slider_1_1_wrapper%20.hesperiden.tparrows.tp-leftarrow%3Abefore%20%7B%0A%09content%3A%20%27%5Ce82c%27%3B%0A%20%20%20%20margin-left%3A-3px%3B%0A%7D%0A%23rev_slider_1_1_wrapper%20.hesperiden.tparrows.tp-rightarrow%3Abefore%20%7B%0A%09content%3A%20%27%5Ce82d%27%3B%0A%20%20%20%20margin-right%3A-3px%3B%0A%7D%0A\");\n\t\t\t\t\tvar htmlDiv = document.getElementById('rs-plugin-settings-inline-css');\n\t\t\t\t\tif(htmlDiv) {\n\t\t\t\t\t\thtmlDiv.innerHTML = htmlDiv.innerHTML + htmlDivCss;\n\t\t\t\t\t}else{\n\t\t\t\t\t\tvar htmlDiv = document.createElement('div');\n\t\t\t\t\t\thtmlDiv.innerHTML = '<style>' + htmlDivCss + '<\/style>';\n\t\t\t\t\t\tdocument.getElementsByTagName('head')[0].appendChild(htmlDiv.childNodes[0]);\n\t\t\t\t\t}\n\t\t\t\t<\/script>\n\t\t\t\t<script>\n\t\t\t\t\tvar htmlDivCss = unescape(\"%0A%0A\");\n\t\t\t\t\tvar htmlDiv = document.getElementById('rs-plugin-settings-inline-css');\n\t\t\t\t\tif(htmlDiv) {\n\t\t\t\t\t\thtmlDiv.innerHTML = htmlDiv.innerHTML + htmlDivCss;\n\t\t\t\t\t}else{\n\t\t\t\t\t\tvar htmlDiv = document.createElement('div');\n\t\t\t\t\t\thtmlDiv.innerHTML = '<style>' + htmlDivCss + '<\/style>';\n\t\t\t\t\t\tdocument.getElementsByTagName('head')[0].appendChild(htmlDiv.childNodes[0]);\n\t\t\t\t\t}\n\t\t\t\t<\/script>\n\t\t\t<\/rs-module-wrap>\n\t\t\t<!-- END REVOLUTION SLIDER -->\n\n\n\t\t<\/div>\n\n\t\t\n<style>\n#section_2021198752 {\n  padding-top: 0px;\n  padding-bottom: 0px;\n}\n<\/style>\n\t<\/section>\n\t\n\n\n\n\n\n\n\n\n\n\t<div id=\"gap-1618163679\" class=\"gap-element clearfix hidden\" style=\"display:block; height:auto;\">\n\t\t\n<style>\n#gap-1618163679 {\n  padding-top: 30px;\n}\n<\/style>\n\t<\/div>\n\t\n\n\t<div id=\"gap-630902159\" class=\"gap-element clearfix hidden\" style=\"display:block; height:auto;\">\n\t\t\n<style>\n#gap-630902159 {\n  padding-top: 30px;\n}\n<\/style>\n\t<\/div>\n\t\n\n\n\t<div id=\"gap-277981197\" class=\"gap-element clearfix hidden\" style=\"display:block; height:auto;\">\n\t\t\n<style>\n#gap-277981197 {\n  padding-top: 30px;\n}\n<\/style>\n\t<\/div>","protected":false},"excerpt":{"rendered":"","protected":false},"author":1,"featured_media":4855,"parent":0,"menu_order":0,"comment_status":"closed","ping_status":"closed","template":"page-blank.php","meta":{"inline_featured_image":false,"footnotes":""},"class_list":["post-2","page","type-page","status-publish","has-post-thumbnail","hentry"],"acf":[],"yoast_head":"<!-- This site is optimized with the Yoast SEO Premium plugin v20.9 (Yoast SEO v20.9) - https:\/\/yoast.com\/wordpress\/plugins\/seo\/ -->\n<title>C\u00f4ng ty TNHH TM-DV K\u1ef9 Thu\u1eadt Ch\u00fang Ta<\/title>\n<meta name=\"description\" content=\"C\u00f4ng ty TNHH TM-DV K\u1ef9 Thu\u1eadt Ch\u00fang Ta th\u00e0nh l\u1eadp ng\u00e0y 07 th\u00e1ng 12 n\u0103m 2009. Ng\u00e0nh ngh\u1ec1 kinh doanh l\u00e0 bu\u00f4n b\u00e1n,s\u1eeda ch\u1eefa c\u00e1c thi\u1ebft b\u1ecb m\u00e1y m\u00f3c trong c\u00f4ng nghi\u1ec7p, cung c\u1ea5p c\u00e1c lo\u1ea1i van,ph\u1ee5 ki\u1ec7n \u0111\u01b0\u1eddng \u1ed1ng.C\u00e1c lo\u1ea1i ph\u1ed1t ben th\u1ee7y l\u1ef1c, ph\u1ed1t m\u00e1y b\u01a1m mechanical seal &amp; \u0111\u1ea1i l\u00fd ph\u00e2n ph\u1ed1i m\u00e1y b\u01a1m DukJi t\u1ea1i Vi\u1ec7t Nam.\" \/>\n<meta name=\"robots\" content=\"index, follow, max-snippet:-1, max-image-preview:large, max-video-preview:-1\" \/>\n<link rel=\"canonical\" href=\"https:\/\/chungtatech.com.vn\/en\/\" \/>\n<meta property=\"og:locale\" content=\"en_US\" \/>\n<meta property=\"og:type\" content=\"article\" \/>\n<meta property=\"og:title\" content=\"C\u00f4ng Ty TNHH TM-DV K\u1ef9 Thu\u1eadt Ch\u00fang Ta\" \/>\n<meta property=\"og:description\" content=\"C\u00f4ng ty TNHH TM-DV K\u1ef9 Thu\u1eadt Ch\u00fang Ta th\u00e0nh l\u1eadp ng\u00e0y 07 th\u00e1ng 12 n\u0103m 2009. Ng\u00e0nh ngh\u1ec1 kinh doanh l\u00e0 bu\u00f4n b\u00e1n,s\u1eeda ch\u1eefa c\u00e1c thi\u1ebft b\u1ecb m\u00e1y m\u00f3c trong c\u00f4ng nghi\u1ec7p, cung c\u1ea5p c\u00e1c lo\u1ea1i van,ph\u1ee5 ki\u1ec7n \u0111\u01b0\u1eddng \u1ed1ng.C\u00e1c lo\u1ea1i ph\u1ed1t ben th\u1ee7y l\u1ef1c, ph\u1ed1t m\u00e1y b\u01a1m mechanical seal &amp; \u0111\u1ea1i l\u00fd ph\u00e2n ph\u1ed1i m\u00e1y b\u01a1m DukJi t\u1ea1i Vi\u1ec7t Nam.\" \/>\n<meta property=\"og:url\" content=\"https:\/\/chungtatech.com.vn\/en\/\" \/>\n<meta property=\"og:site_name\" content=\"C\u00f4ng Ty TNHH TM-DV K\u1ef9 Thu\u1eadt Ch\u00fang Ta\" \/>\n<meta property=\"article:modified_time\" content=\"2025-11-27T03:48:42+00:00\" \/>\n<meta property=\"og:image\" content=\"https:\/\/chungtatech.com.vn\/wp-content\/uploads\/2025\/11\/avt-share.png\" \/>\n\t<meta property=\"og:image:width\" content=\"600\" \/>\n\t<meta property=\"og:image:height\" content=\"315\" \/>\n\t<meta property=\"og:image:type\" content=\"image\/png\" \/>\n<meta name=\"twitter:card\" content=\"summary_large_image\" \/>\n<meta name=\"twitter:title\" content=\"C\u00f4ng Ty TNHH TM-DV K\u1ef9 Thu\u1eadt Ch\u00fang Ta\" \/>\n<meta name=\"twitter:description\" content=\"C\u00f4ng ty TNHH TM-DV K\u1ef9 Thu\u1eadt Ch\u00fang Ta th\u00e0nh l\u1eadp ng\u00e0y 07 th\u00e1ng 12 n\u0103m 2009. Ng\u00e0nh ngh\u1ec1 kinh doanh l\u00e0 bu\u00f4n b\u00e1n,s\u1eeda ch\u1eefa c\u00e1c thi\u1ebft b\u1ecb m\u00e1y m\u00f3c trong c\u00f4ng nghi\u1ec7p, cung c\u1ea5p c\u00e1c lo\u1ea1i van,ph\u1ee5 ki\u1ec7n \u0111\u01b0\u1eddng \u1ed1ng.C\u00e1c lo\u1ea1i ph\u1ed1t ben th\u1ee7y l\u1ef1c, ph\u1ed1t m\u00e1y b\u01a1m mechanical seal &amp; \u0111\u1ea1i l\u00fd ph\u00e2n ph\u1ed1i m\u00e1y b\u01a1m DukJi t\u1ea1i Vi\u1ec7t Nam.\" \/>\n<meta name=\"twitter:label1\" content=\"Est. reading time\" \/>\n\t<meta name=\"twitter:data1\" content=\"5 minutes\" \/>\n<script type=\"application\/ld+json\" class=\"yoast-schema-graph\">{\"@context\":\"https:\/\/schema.org\",\"@graph\":[{\"@type\":\"WebPage\",\"@id\":\"https:\/\/chungtatech.com.vn\/\",\"url\":\"https:\/\/chungtatech.com.vn\/\",\"name\":\"C\u00f4ng ty TNHH TM-DV K\u1ef9 Thu\u1eadt Ch\u00fang Ta\",\"isPartOf\":{\"@id\":\"https:\/\/chungtatech.com.vn\/#website\"},\"datePublished\":\"2025-09-13T04:12:42+00:00\",\"dateModified\":\"2025-11-27T03:48:42+00:00\",\"description\":\"C\u00f4ng ty TNHH TM-DV K\u1ef9 Thu\u1eadt Ch\u00fang Ta th\u00e0nh l\u1eadp ng\u00e0y 07 th\u00e1ng 12 n\u0103m 2009. Ng\u00e0nh ngh\u1ec1 kinh doanh l\u00e0 bu\u00f4n b\u00e1n,s\u1eeda ch\u1eefa c\u00e1c thi\u1ebft b\u1ecb m\u00e1y m\u00f3c trong c\u00f4ng nghi\u1ec7p, cung c\u1ea5p c\u00e1c lo\u1ea1i van,ph\u1ee5 ki\u1ec7n \u0111\u01b0\u1eddng \u1ed1ng.C\u00e1c lo\u1ea1i ph\u1ed1t ben th\u1ee7y l\u1ef1c, ph\u1ed1t m\u00e1y b\u01a1m mechanical seal & \u0111\u1ea1i l\u00fd ph\u00e2n ph\u1ed1i m\u00e1y b\u01a1m DukJi t\u1ea1i Vi\u1ec7t Nam.\",\"breadcrumb\":{\"@id\":\"https:\/\/chungtatech.com.vn\/#breadcrumb\"},\"inLanguage\":\"en-US\",\"potentialAction\":[{\"@type\":\"ReadAction\",\"target\":[\"https:\/\/chungtatech.com.vn\/\"]}]},{\"@type\":\"BreadcrumbList\",\"@id\":\"https:\/\/chungtatech.com.vn\/#breadcrumb\",\"itemListElement\":[{\"@type\":\"ListItem\",\"position\":1,\"name\":\"Trang ch\u1ee7\",\"item\":\"https:\/\/chungtatech.com.vn\/\"},{\"@type\":\"ListItem\",\"position\":2,\"name\":\"Trang ch\u1ee7\"}]},{\"@type\":\"WebSite\",\"@id\":\"https:\/\/chungtatech.com.vn\/#website\",\"url\":\"https:\/\/chungtatech.com.vn\/\",\"name\":\"C\u00f4ng Ty TNHH TM-DV K\u1ef9 Thu\u1eadt Ch\u00fang Ta\",\"description\":\"\",\"potentialAction\":[{\"@type\":\"SearchAction\",\"target\":{\"@type\":\"EntryPoint\",\"urlTemplate\":\"https:\/\/chungtatech.com.vn\/?s={search_term_string}\"},\"query-input\":\"required name=search_term_string\"}],\"inLanguage\":\"en-US\"}]}<\/script>\n<!-- \/ Yoast SEO Premium plugin. -->","yoast_head_json":{"title":"C\u00f4ng ty TNHH TM-DV K\u1ef9 Thu\u1eadt Ch\u00fang Ta","description":"C\u00f4ng ty TNHH TM-DV K\u1ef9 Thu\u1eadt Ch\u00fang Ta th\u00e0nh l\u1eadp ng\u00e0y 07 th\u00e1ng 12 n\u0103m 2009. Ng\u00e0nh ngh\u1ec1 kinh doanh l\u00e0 bu\u00f4n b\u00e1n,s\u1eeda ch\u1eefa c\u00e1c thi\u1ebft b\u1ecb m\u00e1y m\u00f3c trong c\u00f4ng nghi\u1ec7p, cung c\u1ea5p c\u00e1c lo\u1ea1i van,ph\u1ee5 ki\u1ec7n \u0111\u01b0\u1eddng \u1ed1ng.C\u00e1c lo\u1ea1i ph\u1ed1t ben th\u1ee7y l\u1ef1c, ph\u1ed1t m\u00e1y b\u01a1m mechanical seal & \u0111\u1ea1i l\u00fd ph\u00e2n ph\u1ed1i m\u00e1y b\u01a1m DukJi t\u1ea1i Vi\u1ec7t Nam.","robots":{"index":"index","follow":"follow","max-snippet":"max-snippet:-1","max-image-preview":"max-image-preview:large","max-video-preview":"max-video-preview:-1"},"canonical":"https:\/\/chungtatech.com.vn\/en\/","og_locale":"en_US","og_type":"article","og_title":"C\u00f4ng Ty TNHH TM-DV K\u1ef9 Thu\u1eadt Ch\u00fang Ta","og_description":"C\u00f4ng ty TNHH TM-DV K\u1ef9 Thu\u1eadt Ch\u00fang Ta th\u00e0nh l\u1eadp ng\u00e0y 07 th\u00e1ng 12 n\u0103m 2009. Ng\u00e0nh ngh\u1ec1 kinh doanh l\u00e0 bu\u00f4n b\u00e1n,s\u1eeda ch\u1eefa c\u00e1c thi\u1ebft b\u1ecb m\u00e1y m\u00f3c trong c\u00f4ng nghi\u1ec7p, cung c\u1ea5p c\u00e1c lo\u1ea1i van,ph\u1ee5 ki\u1ec7n \u0111\u01b0\u1eddng \u1ed1ng.C\u00e1c lo\u1ea1i ph\u1ed1t ben th\u1ee7y l\u1ef1c, ph\u1ed1t m\u00e1y b\u01a1m mechanical seal & \u0111\u1ea1i l\u00fd ph\u00e2n ph\u1ed1i m\u00e1y b\u01a1m DukJi t\u1ea1i Vi\u1ec7t Nam.","og_url":"https:\/\/chungtatech.com.vn\/en\/","og_site_name":"C\u00f4ng Ty TNHH TM-DV K\u1ef9 Thu\u1eadt Ch\u00fang Ta","article_modified_time":"2025-11-27T03:48:42+00:00","og_image":[{"width":600,"height":315,"url":"https:\/\/chungtatech.com.vn\/wp-content\/uploads\/2025\/11\/avt-share.png","type":"image\/png"}],"twitter_card":"summary_large_image","twitter_title":"C\u00f4ng Ty TNHH TM-DV K\u1ef9 Thu\u1eadt Ch\u00fang Ta","twitter_description":"C\u00f4ng ty TNHH TM-DV K\u1ef9 Thu\u1eadt Ch\u00fang Ta th\u00e0nh l\u1eadp ng\u00e0y 07 th\u00e1ng 12 n\u0103m 2009. Ng\u00e0nh ngh\u1ec1 kinh doanh l\u00e0 bu\u00f4n b\u00e1n,s\u1eeda ch\u1eefa c\u00e1c thi\u1ebft b\u1ecb m\u00e1y m\u00f3c trong c\u00f4ng nghi\u1ec7p, cung c\u1ea5p c\u00e1c lo\u1ea1i van,ph\u1ee5 ki\u1ec7n \u0111\u01b0\u1eddng \u1ed1ng.C\u00e1c lo\u1ea1i ph\u1ed1t ben th\u1ee7y l\u1ef1c, ph\u1ed1t m\u00e1y b\u01a1m mechanical seal & \u0111\u1ea1i l\u00fd ph\u00e2n ph\u1ed1i m\u00e1y b\u01a1m DukJi t\u1ea1i Vi\u1ec7t Nam.","twitter_misc":{"Est. reading time":"5 minutes"},"schema":{"@context":"https:\/\/schema.org","@graph":[{"@type":"WebPage","@id":"https:\/\/chungtatech.com.vn\/","url":"https:\/\/chungtatech.com.vn\/","name":"C\u00f4ng ty TNHH TM-DV K\u1ef9 Thu\u1eadt Ch\u00fang Ta","isPartOf":{"@id":"https:\/\/chungtatech.com.vn\/#website"},"datePublished":"2025-09-13T04:12:42+00:00","dateModified":"2025-11-27T03:48:42+00:00","description":"C\u00f4ng ty TNHH TM-DV K\u1ef9 Thu\u1eadt Ch\u00fang Ta th\u00e0nh l\u1eadp ng\u00e0y 07 th\u00e1ng 12 n\u0103m 2009. Ng\u00e0nh ngh\u1ec1 kinh doanh l\u00e0 bu\u00f4n b\u00e1n,s\u1eeda ch\u1eefa c\u00e1c thi\u1ebft b\u1ecb m\u00e1y m\u00f3c trong c\u00f4ng nghi\u1ec7p, cung c\u1ea5p c\u00e1c lo\u1ea1i van,ph\u1ee5 ki\u1ec7n \u0111\u01b0\u1eddng \u1ed1ng.C\u00e1c lo\u1ea1i ph\u1ed1t ben th\u1ee7y l\u1ef1c, ph\u1ed1t m\u00e1y b\u01a1m mechanical seal & \u0111\u1ea1i l\u00fd ph\u00e2n ph\u1ed1i m\u00e1y b\u01a1m DukJi t\u1ea1i Vi\u1ec7t Nam.","breadcrumb":{"@id":"https:\/\/chungtatech.com.vn\/#breadcrumb"},"inLanguage":"en-US","potentialAction":[{"@type":"ReadAction","target":["https:\/\/chungtatech.com.vn\/"]}]},{"@type":"BreadcrumbList","@id":"https:\/\/chungtatech.com.vn\/#breadcrumb","itemListElement":[{"@type":"ListItem","position":1,"name":"Trang ch\u1ee7","item":"https:\/\/chungtatech.com.vn\/"},{"@type":"ListItem","position":2,"name":"Trang ch\u1ee7"}]},{"@type":"WebSite","@id":"https:\/\/chungtatech.com.vn\/#website","url":"https:\/\/chungtatech.com.vn\/","name":"C\u00f4ng Ty TNHH TM-DV K\u1ef9 Thu\u1eadt Ch\u00fang Ta","description":"","potentialAction":[{"@type":"SearchAction","target":{"@type":"EntryPoint","urlTemplate":"https:\/\/chungtatech.com.vn\/?s={search_term_string}"},"query-input":"required name=search_term_string"}],"inLanguage":"en-US"}]}},"_links":{"self":[{"href":"https:\/\/chungtatech.com.vn\/en\/wp-json\/wp\/v2\/pages\/2","targetHints":{"allow":["GET"]}}],"collection":[{"href":"https:\/\/chungtatech.com.vn\/en\/wp-json\/wp\/v2\/pages"}],"about":[{"href":"https:\/\/chungtatech.com.vn\/en\/wp-json\/wp\/v2\/types\/page"}],"author":[{"embeddable":true,"href":"https:\/\/chungtatech.com.vn\/en\/wp-json\/wp\/v2\/users\/1"}],"replies":[{"embeddable":true,"href":"https:\/\/chungtatech.com.vn\/en\/wp-json\/wp\/v2\/comments?post=2"}],"version-history":[{"count":147,"href":"https:\/\/chungtatech.com.vn\/en\/wp-json\/wp\/v2\/pages\/2\/revisions"}],"predecessor-version":[{"id":4932,"href":"https:\/\/chungtatech.com.vn\/en\/wp-json\/wp\/v2\/pages\/2\/revisions\/4932"}],"wp:featuredmedia":[{"embeddable":true,"href":"https:\/\/chungtatech.com.vn\/en\/wp-json\/wp\/v2\/media\/4855"}],"wp:attachment":[{"href":"https:\/\/chungtatech.com.vn\/en\/wp-json\/wp\/v2\/media?parent=2"}],"curies":[{"name":"wp","href":"https:\/\/api.w.org\/{rel}","templated":true}]}}