{"id":4059,"date":"2025-10-27T09:12:08","date_gmt":"2025-10-27T02:12:08","guid":{"rendered":"https:\/\/pkelectric.123websitedev.com\/?page_id=4059"},"modified":"2025-12-01T09:43:17","modified_gmt":"2025-12-01T02:43:17","slug":"dich-vu-sua-chua-bao-tri","status":"publish","type":"page","link":"https:\/\/chungtatech.com.vn\/en\/dich-vu-sua-chua-bao-tri\/","title":{"rendered":"Repair &amp; maintenance services"},"content":{"rendered":"<div class=\"row\"  id=\"row-783729620\">\n\n\t<div id=\"col-1184976530\" class=\"col small-12 large-12\"  >\n\t\t\t\t<div class=\"col-inner\"  >\n\t\t\t\n\t\t\t\n<p style=\"text-align: left;\">\u00a0 \u00a0CTY TNHH TM DVKT Ch\u00fang Ta v\u1edbi \u0111\u1ed9i ng\u0169 nhi\u1ec1u kinh nghi\u1ec7m \u0111\u00e3 tham gia s\u1eeda ch\u1eefa c\u00e1c lo\u1ea1i m\u00e1y b\u01a1m, qu\u1ea1t h\u00fat, chiller&#8230; cho c\u00e1c c\u00f4ng ty nh\u00e0 m\u00e1y nh\u01b0: Nh\u00e0 m\u00e1y SamSung khu c\u00f4ng ngh\u1ec7 cao qu\u1eadn 9, nh\u00e0 m\u00e1y Posco Vi\u1ec7t Nam, nh\u00e0 m\u00e1y nhi\u1ec7t \u0111i\u1ec7n V\u0129nh T\u00e2n 4&#8230; Ch\u00fang t\u00f4i cung c\u1ea5p c\u00e1c d\u1ecbch v\u1ee5 s\u1eeda ch\u1eefa, b\u1ea3o tr\u00ec m\u00e1y m\u00f3c cho to\u00e0n nh\u00e0 m\u00e1y.<\/p>\n<p><img loading=\"lazy\" decoding=\"async\" class=\"alignnone wp-image-2718\" src=\"https:\/\/chungtatech.com.vn\/wp-content\/uploads\/2025\/11\/hinh-web-3-300x400.png\" alt=\"\" width=\"667\" height=\"889\" \/><\/p>\n\t\t<\/div>\n\t\t\t\t\t<\/div>\n\n\t\n<\/div>","protected":false},"excerpt":{"rendered":"","protected":false},"author":1,"featured_media":0,"parent":0,"menu_order":0,"comment_status":"closed","ping_status":"closed","template":"page-blank.php","meta":{"inline_featured_image":false,"footnotes":""},"class_list":["post-4059","page","type-page","status-publish","hentry"],"acf":[],"yoast_head":"<!-- This site is optimized with the Yoast SEO Premium plugin v20.9 (Yoast SEO v20.9) - https:\/\/yoast.com\/wordpress\/plugins\/seo\/ -->\n<title>D\u1ecbch v\u1ee5 s\u1eeda ch\u1eefa &amp; b\u1ea3o tr\u00ec - C\u00f4ng Ty TNHH TM-DV K\u1ef9 Thu\u1eadt Ch\u00fang Ta<\/title>\n<meta name=\"robots\" content=\"index, follow, max-snippet:-1, max-image-preview:large, max-video-preview:-1\" \/>\n<link rel=\"canonical\" href=\"https:\/\/chungtatech.com.vn\/en\/dich-vu-sua-chua-bao-tri\/\" \/>\n<meta property=\"og:locale\" content=\"en_US\" \/>\n<meta property=\"og:type\" content=\"article\" \/>\n<meta property=\"og:title\" content=\"D\u1ecbch v\u1ee5 s\u1eeda ch\u1eefa &amp; b\u1ea3o tr\u00ec\" \/>\n<meta property=\"og:url\" content=\"https:\/\/chungtatech.com.vn\/en\/dich-vu-sua-chua-bao-tri\/\" \/>\n<meta property=\"og:site_name\" content=\"C\u00f4ng Ty TNHH TM-DV K\u1ef9 Thu\u1eadt Ch\u00fang Ta\" \/>\n<meta property=\"article:modified_time\" content=\"2025-12-01T02:43:17+00:00\" \/>\n<meta property=\"og:image\" content=\"https:\/\/chungtatech.com.vn\/wp-content\/uploads\/2025\/11\/hinh-web-3-300x400.png\" \/>\n<meta name=\"twitter:card\" content=\"summary_large_image\" \/>\n<meta name=\"twitter:label1\" content=\"Est. reading time\" \/>\n\t<meta name=\"twitter:data1\" content=\"1 minute\" \/>\n<script type=\"application\/ld+json\" class=\"yoast-schema-graph\">{\"@context\":\"https:\/\/schema.org\",\"@graph\":[{\"@type\":\"WebPage\",\"@id\":\"https:\/\/chungtatech.com.vn\/dich-vu-sua-chua-bao-tri\/\",\"url\":\"https:\/\/chungtatech.com.vn\/dich-vu-sua-chua-bao-tri\/\",\"name\":\"D\u1ecbch v\u1ee5 s\u1eeda ch\u1eefa & b\u1ea3o tr\u00ec - C\u00f4ng Ty TNHH TM-DV K\u1ef9 Thu\u1eadt Ch\u00fang Ta\",\"isPartOf\":{\"@id\":\"https:\/\/chungtatech.com.vn\/#website\"},\"datePublished\":\"2025-10-27T02:12:08+00:00\",\"dateModified\":\"2025-12-01T02:43:17+00:00\",\"breadcrumb\":{\"@id\":\"https:\/\/chungtatech.com.vn\/dich-vu-sua-chua-bao-tri\/#breadcrumb\"},\"inLanguage\":\"en-US\",\"potentialAction\":[{\"@type\":\"ReadAction\",\"target\":[\"https:\/\/chungtatech.com.vn\/dich-vu-sua-chua-bao-tri\/\"]}]},{\"@type\":\"BreadcrumbList\",\"@id\":\"https:\/\/chungtatech.com.vn\/dich-vu-sua-chua-bao-tri\/#breadcrumb\",\"itemListElement\":[{\"@type\":\"ListItem\",\"position\":1,\"name\":\"Trang ch\u1ee7\",\"item\":\"https:\/\/chungtatech.com.vn\/\"},{\"@type\":\"ListItem\",\"position\":2,\"name\":\"D\u1ecbch v\u1ee5 s\u1eeda ch\u1eefa &#038; b\u1ea3o tr\u00ec\"}]},{\"@type\":\"WebSite\",\"@id\":\"https:\/\/chungtatech.com.vn\/#website\",\"url\":\"https:\/\/chungtatech.com.vn\/\",\"name\":\"C\u00f4ng Ty TNHH TM-DV K\u1ef9 Thu\u1eadt Ch\u00fang Ta\",\"description\":\"\",\"potentialAction\":[{\"@type\":\"SearchAction\",\"target\":{\"@type\":\"EntryPoint\",\"urlTemplate\":\"https:\/\/chungtatech.com.vn\/?s={search_term_string}\"},\"query-input\":\"required name=search_term_string\"}],\"inLanguage\":\"en-US\"}]}<\/script>\n<!-- \/ Yoast SEO Premium plugin. -->","yoast_head_json":{"title":"D\u1ecbch v\u1ee5 s\u1eeda ch\u1eefa & b\u1ea3o tr\u00ec - C\u00f4ng Ty TNHH TM-DV K\u1ef9 Thu\u1eadt Ch\u00fang Ta","robots":{"index":"index","follow":"follow","max-snippet":"max-snippet:-1","max-image-preview":"max-image-preview:large","max-video-preview":"max-video-preview:-1"},"canonical":"https:\/\/chungtatech.com.vn\/en\/dich-vu-sua-chua-bao-tri\/","og_locale":"en_US","og_type":"article","og_title":"D\u1ecbch v\u1ee5 s\u1eeda ch\u1eefa & b\u1ea3o tr\u00ec","og_url":"https:\/\/chungtatech.com.vn\/en\/dich-vu-sua-chua-bao-tri\/","og_site_name":"C\u00f4ng Ty TNHH TM-DV K\u1ef9 Thu\u1eadt Ch\u00fang Ta","article_modified_time":"2025-12-01T02:43:17+00:00","og_image":[{"url":"https:\/\/chungtatech.com.vn\/wp-content\/uploads\/2025\/11\/hinh-web-3-300x400.png"}],"twitter_card":"summary_large_image","twitter_misc":{"Est. reading time":"1 minute"},"schema":{"@context":"https:\/\/schema.org","@graph":[{"@type":"WebPage","@id":"https:\/\/chungtatech.com.vn\/dich-vu-sua-chua-bao-tri\/","url":"https:\/\/chungtatech.com.vn\/dich-vu-sua-chua-bao-tri\/","name":"D\u1ecbch v\u1ee5 s\u1eeda ch\u1eefa & b\u1ea3o tr\u00ec - C\u00f4ng Ty TNHH TM-DV K\u1ef9 Thu\u1eadt Ch\u00fang Ta","isPartOf":{"@id":"https:\/\/chungtatech.com.vn\/#website"},"datePublished":"2025-10-27T02:12:08+00:00","dateModified":"2025-12-01T02:43:17+00:00","breadcrumb":{"@id":"https:\/\/chungtatech.com.vn\/dich-vu-sua-chua-bao-tri\/#breadcrumb"},"inLanguage":"en-US","potentialAction":[{"@type":"ReadAction","target":["https:\/\/chungtatech.com.vn\/dich-vu-sua-chua-bao-tri\/"]}]},{"@type":"BreadcrumbList","@id":"https:\/\/chungtatech.com.vn\/dich-vu-sua-chua-bao-tri\/#breadcrumb","itemListElement":[{"@type":"ListItem","position":1,"name":"Trang ch\u1ee7","item":"https:\/\/chungtatech.com.vn\/"},{"@type":"ListItem","position":2,"name":"D\u1ecbch v\u1ee5 s\u1eeda ch\u1eefa &#038; b\u1ea3o tr\u00ec"}]},{"@type":"WebSite","@id":"https:\/\/chungtatech.com.vn\/#website","url":"https:\/\/chungtatech.com.vn\/","name":"C\u00f4ng Ty TNHH TM-DV K\u1ef9 Thu\u1eadt Ch\u00fang Ta","description":"","potentialAction":[{"@type":"SearchAction","target":{"@type":"EntryPoint","urlTemplate":"https:\/\/chungtatech.com.vn\/?s={search_term_string}"},"query-input":"required name=search_term_string"}],"inLanguage":"en-US"}]}},"_links":{"self":[{"href":"https:\/\/chungtatech.com.vn\/en\/wp-json\/wp\/v2\/pages\/4059","targetHints":{"allow":["GET"]}}],"collection":[{"href":"https:\/\/chungtatech.com.vn\/en\/wp-json\/wp\/v2\/pages"}],"about":[{"href":"https:\/\/chungtatech.com.vn\/en\/wp-json\/wp\/v2\/types\/page"}],"author":[{"embeddable":true,"href":"https:\/\/chungtatech.com.vn\/en\/wp-json\/wp\/v2\/users\/1"}],"replies":[{"embeddable":true,"href":"https:\/\/chungtatech.com.vn\/en\/wp-json\/wp\/v2\/comments?post=4059"}],"version-history":[{"count":5,"href":"https:\/\/chungtatech.com.vn\/en\/wp-json\/wp\/v2\/pages\/4059\/revisions"}],"predecessor-version":[{"id":5038,"href":"https:\/\/chungtatech.com.vn\/en\/wp-json\/wp\/v2\/pages\/4059\/revisions\/5038"}],"wp:attachment":[{"href":"https:\/\/chungtatech.com.vn\/en\/wp-json\/wp\/v2\/media?parent=4059"}],"curies":[{"name":"wp","href":"https:\/\/api.w.org\/{rel}","templated":true}]}}