{"id":4780,"date":"2025-11-18T09:47:11","date_gmt":"2025-11-18T02:47:11","guid":{"rendered":"https:\/\/chungtatech.123websitedev.com\/?page_id=4780"},"modified":"2025-12-01T09:42:21","modified_gmt":"2025-12-01T02:42:21","slug":"sua-chua-xy-lanh-thuy-luc-2","status":"publish","type":"page","link":"https:\/\/chungtatech.com.vn\/en\/sua-chua-xy-lanh-thuy-luc-2\/","title":{"rendered":"Hydraulic cylinder repair"},"content":{"rendered":"<div class=\"row\"  id=\"row-217735031\">\n\n\t<div id=\"col-238445687\" class=\"col small-12 large-12\"  >\n\t\t\t\t<div class=\"col-inner\"  >\n\t\t\t\n\t\t\t\n<p>Trong qu\u00e1 tr\u00ecnh s\u1eed d\u1ee5ng xy lanh th\u1ee7y l\u1ef1c th\u01b0\u1eddng g\u1eb7p nh\u1eefng c\u00e1c v\u1ea5n \u0111\u1ec1 nh\u01b0:<br \/>\n\u2192 Xy lanh b\u1ecb m\u00f2n.<br \/>\n\u2192 Xy lanh b\u1ecb x\u01b0\u1edbc.<br \/>\n\u2192 Xy lanh b\u1ecb n\u1ee9c, v\u1ee1.<br \/>\n\u2192 M\u1eb7t g\u01b0\u01a1ng xy lanh b\u1ecb ch\u00e1y.<br \/>\n&lt;span&#8221;&gt;Nguy\u00ean nh\u00e2n c\u00f3 th\u1ec3 do d\u1ea7u nh\u1edbt b\u1ea9n, seal \u2013 ph\u1edbt h\u01b0 h\u1ecfng, oxy h\u00f3a b\u1ec1 m\u1eb7t\u2026<br \/>\n<strong>V\u1edbi kinh nghi\u1ec7m nhi\u1ec1u n\u0103m trong l\u0129nh v\u1ef1c, Cty TNHH TM DV Ch\u00fang Ta nh\u1eadn s\u1eeda ch\u1eefa xy lanh thu\u1ef7 l\u1ef1c \u0111\u1ea3m b\u1ea3o \u0111\u00e1p \u1ee9ng m\u1ecdi y\u00eau c\u1ea7u kh\u00e1ch h\u00e0ng.<br \/>\n<\/strong><\/p>\n<p><img loading=\"lazy\" decoding=\"async\" class=\"alignnone wp-image-1814\" src=\"https:\/\/chungtatech.com.vn\/wp-content\/uploads\/2025\/11\/4cba4e41c65a3f04664b-300x400.jpg\" alt=\"\" width=\"326\" height=\"435\" \/><img loading=\"lazy\" decoding=\"async\" class=\"alignnone wp-image-1810\" src=\"https:\/\/chungtatech.com.vn\/wp-content\/uploads\/2025\/11\/474513c9abd2528c0bc3-300x400.jpg\" alt=\"\" width=\"325\" height=\"433\" \/><\/p>\n\t\t<\/div>\n\t\t\t\t\t<\/div>\n\n\t\n<\/div>","protected":false},"excerpt":{"rendered":"","protected":false},"author":1,"featured_media":0,"parent":0,"menu_order":0,"comment_status":"closed","ping_status":"closed","template":"page-blank.php","meta":{"inline_featured_image":false,"footnotes":""},"class_list":["post-4780","page","type-page","status-publish","hentry"],"acf":[],"yoast_head":"<!-- This site is optimized with the Yoast SEO Premium plugin v20.9 (Yoast SEO v20.9) - https:\/\/yoast.com\/wordpress\/plugins\/seo\/ -->\n<title>S\u1eeda ch\u1eefa xy lanh th\u1ee7y l\u1ef1c - C\u00f4ng Ty TNHH TM-DV K\u1ef9 Thu\u1eadt Ch\u00fang Ta<\/title>\n<meta name=\"robots\" content=\"index, follow, max-snippet:-1, max-image-preview:large, max-video-preview:-1\" \/>\n<link rel=\"canonical\" href=\"https:\/\/chungtatech.com.vn\/en\/sua-chua-xy-lanh-thuy-luc-2\/\" \/>\n<meta property=\"og:locale\" content=\"en_US\" \/>\n<meta property=\"og:type\" content=\"article\" \/>\n<meta property=\"og:title\" content=\"S\u1eeda ch\u1eefa xy lanh th\u1ee7y l\u1ef1c\" \/>\n<meta property=\"og:url\" content=\"https:\/\/chungtatech.com.vn\/en\/sua-chua-xy-lanh-thuy-luc-2\/\" \/>\n<meta property=\"og:site_name\" content=\"C\u00f4ng Ty TNHH TM-DV K\u1ef9 Thu\u1eadt Ch\u00fang Ta\" \/>\n<meta property=\"article:modified_time\" content=\"2025-12-01T02:42:21+00:00\" \/>\n<meta property=\"og:image\" content=\"https:\/\/chungtatech.com.vn\/wp-content\/uploads\/2025\/11\/4cba4e41c65a3f04664b-300x400.jpg\" \/>\n<meta name=\"twitter:card\" content=\"summary_large_image\" \/>\n<meta name=\"twitter:label1\" content=\"Est. reading time\" \/>\n\t<meta name=\"twitter:data1\" content=\"1 minute\" \/>\n<script type=\"application\/ld+json\" class=\"yoast-schema-graph\">{\"@context\":\"https:\/\/schema.org\",\"@graph\":[{\"@type\":\"WebPage\",\"@id\":\"https:\/\/chungtatech.com.vn\/sua-chua-xy-lanh-thuy-luc-2\/\",\"url\":\"https:\/\/chungtatech.com.vn\/sua-chua-xy-lanh-thuy-luc-2\/\",\"name\":\"S\u1eeda ch\u1eefa xy lanh th\u1ee7y l\u1ef1c - C\u00f4ng Ty TNHH TM-DV K\u1ef9 Thu\u1eadt Ch\u00fang Ta\",\"isPartOf\":{\"@id\":\"https:\/\/chungtatech.com.vn\/#website\"},\"datePublished\":\"2025-11-18T02:47:11+00:00\",\"dateModified\":\"2025-12-01T02:42:21+00:00\",\"breadcrumb\":{\"@id\":\"https:\/\/chungtatech.com.vn\/sua-chua-xy-lanh-thuy-luc-2\/#breadcrumb\"},\"inLanguage\":\"en-US\",\"potentialAction\":[{\"@type\":\"ReadAction\",\"target\":[\"https:\/\/chungtatech.com.vn\/sua-chua-xy-lanh-thuy-luc-2\/\"]}]},{\"@type\":\"BreadcrumbList\",\"@id\":\"https:\/\/chungtatech.com.vn\/sua-chua-xy-lanh-thuy-luc-2\/#breadcrumb\",\"itemListElement\":[{\"@type\":\"ListItem\",\"position\":1,\"name\":\"Trang ch\u1ee7\",\"item\":\"https:\/\/chungtatech.com.vn\/\"},{\"@type\":\"ListItem\",\"position\":2,\"name\":\"S\u1eeda ch\u1eefa xy lanh th\u1ee7y l\u1ef1c\"}]},{\"@type\":\"WebSite\",\"@id\":\"https:\/\/chungtatech.com.vn\/#website\",\"url\":\"https:\/\/chungtatech.com.vn\/\",\"name\":\"C\u00f4ng Ty TNHH TM-DV K\u1ef9 Thu\u1eadt Ch\u00fang Ta\",\"description\":\"\",\"potentialAction\":[{\"@type\":\"SearchAction\",\"target\":{\"@type\":\"EntryPoint\",\"urlTemplate\":\"https:\/\/chungtatech.com.vn\/?s={search_term_string}\"},\"query-input\":\"required name=search_term_string\"}],\"inLanguage\":\"en-US\"}]}<\/script>\n<!-- \/ Yoast SEO Premium plugin. -->","yoast_head_json":{"title":"S\u1eeda ch\u1eefa xy lanh th\u1ee7y l\u1ef1c - C\u00f4ng Ty TNHH TM-DV K\u1ef9 Thu\u1eadt Ch\u00fang Ta","robots":{"index":"index","follow":"follow","max-snippet":"max-snippet:-1","max-image-preview":"max-image-preview:large","max-video-preview":"max-video-preview:-1"},"canonical":"https:\/\/chungtatech.com.vn\/en\/sua-chua-xy-lanh-thuy-luc-2\/","og_locale":"en_US","og_type":"article","og_title":"S\u1eeda ch\u1eefa xy lanh th\u1ee7y l\u1ef1c","og_url":"https:\/\/chungtatech.com.vn\/en\/sua-chua-xy-lanh-thuy-luc-2\/","og_site_name":"C\u00f4ng Ty TNHH TM-DV K\u1ef9 Thu\u1eadt Ch\u00fang Ta","article_modified_time":"2025-12-01T02:42:21+00:00","og_image":[{"url":"https:\/\/chungtatech.com.vn\/wp-content\/uploads\/2025\/11\/4cba4e41c65a3f04664b-300x400.jpg"}],"twitter_card":"summary_large_image","twitter_misc":{"Est. reading time":"1 minute"},"schema":{"@context":"https:\/\/schema.org","@graph":[{"@type":"WebPage","@id":"https:\/\/chungtatech.com.vn\/sua-chua-xy-lanh-thuy-luc-2\/","url":"https:\/\/chungtatech.com.vn\/sua-chua-xy-lanh-thuy-luc-2\/","name":"S\u1eeda ch\u1eefa xy lanh th\u1ee7y l\u1ef1c - C\u00f4ng Ty TNHH TM-DV K\u1ef9 Thu\u1eadt Ch\u00fang Ta","isPartOf":{"@id":"https:\/\/chungtatech.com.vn\/#website"},"datePublished":"2025-11-18T02:47:11+00:00","dateModified":"2025-12-01T02:42:21+00:00","breadcrumb":{"@id":"https:\/\/chungtatech.com.vn\/sua-chua-xy-lanh-thuy-luc-2\/#breadcrumb"},"inLanguage":"en-US","potentialAction":[{"@type":"ReadAction","target":["https:\/\/chungtatech.com.vn\/sua-chua-xy-lanh-thuy-luc-2\/"]}]},{"@type":"BreadcrumbList","@id":"https:\/\/chungtatech.com.vn\/sua-chua-xy-lanh-thuy-luc-2\/#breadcrumb","itemListElement":[{"@type":"ListItem","position":1,"name":"Trang ch\u1ee7","item":"https:\/\/chungtatech.com.vn\/"},{"@type":"ListItem","position":2,"name":"S\u1eeda ch\u1eefa xy lanh th\u1ee7y l\u1ef1c"}]},{"@type":"WebSite","@id":"https:\/\/chungtatech.com.vn\/#website","url":"https:\/\/chungtatech.com.vn\/","name":"C\u00f4ng Ty TNHH TM-DV K\u1ef9 Thu\u1eadt Ch\u00fang Ta","description":"","potentialAction":[{"@type":"SearchAction","target":{"@type":"EntryPoint","urlTemplate":"https:\/\/chungtatech.com.vn\/?s={search_term_string}"},"query-input":"required name=search_term_string"}],"inLanguage":"en-US"}]}},"_links":{"self":[{"href":"https:\/\/chungtatech.com.vn\/en\/wp-json\/wp\/v2\/pages\/4780","targetHints":{"allow":["GET"]}}],"collection":[{"href":"https:\/\/chungtatech.com.vn\/en\/wp-json\/wp\/v2\/pages"}],"about":[{"href":"https:\/\/chungtatech.com.vn\/en\/wp-json\/wp\/v2\/types\/page"}],"author":[{"embeddable":true,"href":"https:\/\/chungtatech.com.vn\/en\/wp-json\/wp\/v2\/users\/1"}],"replies":[{"embeddable":true,"href":"https:\/\/chungtatech.com.vn\/en\/wp-json\/wp\/v2\/comments?post=4780"}],"version-history":[{"count":4,"href":"https:\/\/chungtatech.com.vn\/en\/wp-json\/wp\/v2\/pages\/4780\/revisions"}],"predecessor-version":[{"id":5037,"href":"https:\/\/chungtatech.com.vn\/en\/wp-json\/wp\/v2\/pages\/4780\/revisions\/5037"}],"wp:attachment":[{"href":"https:\/\/chungtatech.com.vn\/en\/wp-json\/wp\/v2\/media?parent=4780"}],"curies":[{"name":"wp","href":"https:\/\/api.w.org\/{rel}","templated":true}]}}