{"id":529,"date":"2025-09-27T10:15:23","date_gmt":"2025-09-27T03:15:23","guid":{"rendered":"https:\/\/ytetanhong.123websitedev.com\/?page_id=529"},"modified":"2025-12-22T08:57:24","modified_gmt":"2025-12-22T01:57:24","slug":"chinh-sach-ban-hang","status":"publish","type":"page","link":"https:\/\/chungtatech.com.vn\/en\/chinh-sach-ban-hang\/","title":{"rendered":"Sales policy"},"content":{"rendered":"<section class=\"section\" id=\"section_282749394\">\n\t\t<div class=\"section-bg fill\" >\n\t\t\t\t\t\t\t\t\t\n\t\t\t\n\n\t\t<\/div>\n\n\t\t\n\n\t\t<div class=\"section-content relative\">\n\t\t\t\n<div class=\"row\"  id=\"row-1123634172\">\n\n\t<div id=\"col-1395001049\" class=\"col small-12 large-12\"  >\n\t\t\t\t<div class=\"col-inner\"  >\n\t\t\t\n\t\t\t\n<p>\u0110ang c\u1eadp nh\u1eadt.<\/p>\n\t\t<\/div>\n\t\t\t\t\n<style>\n#col-1395001049 > .col-inner {\n  border-radius: 10px;\n}\n<\/style>\n\t<\/div>\n\n\t\n\n<style>\n#row-1123634172 > .col > .col-inner {\n  padding: 25px 25px 25px 25px;\n  background-color: rgb(255,255,255);\n}\n<\/style>\n<\/div>\n\t\t<\/div>\n\n\t\t\n<style>\n#section_282749394 {\n  padding-top: 0px;\n  padding-bottom: 0px;\n}\n<\/style>\n\t<\/section>","protected":false},"excerpt":{"rendered":"","protected":false},"author":1,"featured_media":0,"parent":0,"menu_order":0,"comment_status":"closed","ping_status":"closed","template":"page-blank.php","meta":{"inline_featured_image":false,"footnotes":""},"class_list":["post-529","page","type-page","status-publish","hentry"],"acf":[],"yoast_head":"<!-- This site is optimized with the Yoast SEO Premium plugin v20.9 (Yoast SEO v20.9) - https:\/\/yoast.com\/wordpress\/plugins\/seo\/ -->\n<title>Ch\u00ednh s\u00e1ch b\u00e1n h\u00e0ng - C\u00f4ng Ty TNHH TM-DV K\u1ef9 Thu\u1eadt Ch\u00fang Ta<\/title>\n<meta name=\"robots\" content=\"index, follow, max-snippet:-1, max-image-preview:large, max-video-preview:-1\" \/>\n<link rel=\"canonical\" href=\"https:\/\/chungtatech.com.vn\/en\/chinh-sach-ban-hang\/\" \/>\n<meta property=\"og:locale\" content=\"en_US\" \/>\n<meta property=\"og:type\" content=\"article\" \/>\n<meta property=\"og:title\" content=\"Ch\u00ednh s\u00e1ch b\u00e1n h\u00e0ng\" \/>\n<meta property=\"og:url\" content=\"https:\/\/chungtatech.com.vn\/en\/chinh-sach-ban-hang\/\" \/>\n<meta property=\"og:site_name\" content=\"C\u00f4ng Ty TNHH TM-DV K\u1ef9 Thu\u1eadt Ch\u00fang Ta\" \/>\n<meta property=\"article:modified_time\" content=\"2025-12-22T01:57:24+00:00\" \/>\n<meta name=\"twitter:card\" content=\"summary_large_image\" \/>\n<script type=\"application\/ld+json\" class=\"yoast-schema-graph\">{\"@context\":\"https:\/\/schema.org\",\"@graph\":[{\"@type\":\"WebPage\",\"@id\":\"https:\/\/chungtatech.com.vn\/chinh-sach-ban-hang\/\",\"url\":\"https:\/\/chungtatech.com.vn\/chinh-sach-ban-hang\/\",\"name\":\"Ch\u00ednh s\u00e1ch b\u00e1n h\u00e0ng - C\u00f4ng Ty TNHH TM-DV K\u1ef9 Thu\u1eadt Ch\u00fang Ta\",\"isPartOf\":{\"@id\":\"https:\/\/chungtatech.com.vn\/#website\"},\"datePublished\":\"2025-09-27T03:15:23+00:00\",\"dateModified\":\"2025-12-22T01:57:24+00:00\",\"breadcrumb\":{\"@id\":\"https:\/\/chungtatech.com.vn\/chinh-sach-ban-hang\/#breadcrumb\"},\"inLanguage\":\"en-US\",\"potentialAction\":[{\"@type\":\"ReadAction\",\"target\":[\"https:\/\/chungtatech.com.vn\/chinh-sach-ban-hang\/\"]}]},{\"@type\":\"BreadcrumbList\",\"@id\":\"https:\/\/chungtatech.com.vn\/chinh-sach-ban-hang\/#breadcrumb\",\"itemListElement\":[{\"@type\":\"ListItem\",\"position\":1,\"name\":\"Trang ch\u1ee7\",\"item\":\"https:\/\/chungtatech.com.vn\/\"},{\"@type\":\"ListItem\",\"position\":2,\"name\":\"Ch\u00ednh s\u00e1ch b\u00e1n h\u00e0ng\"}]},{\"@type\":\"WebSite\",\"@id\":\"https:\/\/chungtatech.com.vn\/#website\",\"url\":\"https:\/\/chungtatech.com.vn\/\",\"name\":\"C\u00f4ng Ty TNHH TM-DV K\u1ef9 Thu\u1eadt Ch\u00fang Ta\",\"description\":\"\",\"potentialAction\":[{\"@type\":\"SearchAction\",\"target\":{\"@type\":\"EntryPoint\",\"urlTemplate\":\"https:\/\/chungtatech.com.vn\/?s={search_term_string}\"},\"query-input\":\"required name=search_term_string\"}],\"inLanguage\":\"en-US\"}]}<\/script>\n<!-- \/ Yoast SEO Premium plugin. -->","yoast_head_json":{"title":"Ch\u00ednh s\u00e1ch b\u00e1n h\u00e0ng - C\u00f4ng Ty TNHH TM-DV K\u1ef9 Thu\u1eadt Ch\u00fang Ta","robots":{"index":"index","follow":"follow","max-snippet":"max-snippet:-1","max-image-preview":"max-image-preview:large","max-video-preview":"max-video-preview:-1"},"canonical":"https:\/\/chungtatech.com.vn\/en\/chinh-sach-ban-hang\/","og_locale":"en_US","og_type":"article","og_title":"Ch\u00ednh s\u00e1ch b\u00e1n h\u00e0ng","og_url":"https:\/\/chungtatech.com.vn\/en\/chinh-sach-ban-hang\/","og_site_name":"C\u00f4ng Ty TNHH TM-DV K\u1ef9 Thu\u1eadt Ch\u00fang Ta","article_modified_time":"2025-12-22T01:57:24+00:00","twitter_card":"summary_large_image","schema":{"@context":"https:\/\/schema.org","@graph":[{"@type":"WebPage","@id":"https:\/\/chungtatech.com.vn\/chinh-sach-ban-hang\/","url":"https:\/\/chungtatech.com.vn\/chinh-sach-ban-hang\/","name":"Ch\u00ednh s\u00e1ch b\u00e1n h\u00e0ng - C\u00f4ng Ty TNHH TM-DV K\u1ef9 Thu\u1eadt Ch\u00fang Ta","isPartOf":{"@id":"https:\/\/chungtatech.com.vn\/#website"},"datePublished":"2025-09-27T03:15:23+00:00","dateModified":"2025-12-22T01:57:24+00:00","breadcrumb":{"@id":"https:\/\/chungtatech.com.vn\/chinh-sach-ban-hang\/#breadcrumb"},"inLanguage":"en-US","potentialAction":[{"@type":"ReadAction","target":["https:\/\/chungtatech.com.vn\/chinh-sach-ban-hang\/"]}]},{"@type":"BreadcrumbList","@id":"https:\/\/chungtatech.com.vn\/chinh-sach-ban-hang\/#breadcrumb","itemListElement":[{"@type":"ListItem","position":1,"name":"Trang ch\u1ee7","item":"https:\/\/chungtatech.com.vn\/"},{"@type":"ListItem","position":2,"name":"Ch\u00ednh s\u00e1ch b\u00e1n h\u00e0ng"}]},{"@type":"WebSite","@id":"https:\/\/chungtatech.com.vn\/#website","url":"https:\/\/chungtatech.com.vn\/","name":"C\u00f4ng Ty TNHH TM-DV K\u1ef9 Thu\u1eadt Ch\u00fang Ta","description":"","potentialAction":[{"@type":"SearchAction","target":{"@type":"EntryPoint","urlTemplate":"https:\/\/chungtatech.com.vn\/?s={search_term_string}"},"query-input":"required name=search_term_string"}],"inLanguage":"en-US"}]}},"_links":{"self":[{"href":"https:\/\/chungtatech.com.vn\/en\/wp-json\/wp\/v2\/pages\/529","targetHints":{"allow":["GET"]}}],"collection":[{"href":"https:\/\/chungtatech.com.vn\/en\/wp-json\/wp\/v2\/pages"}],"about":[{"href":"https:\/\/chungtatech.com.vn\/en\/wp-json\/wp\/v2\/types\/page"}],"author":[{"embeddable":true,"href":"https:\/\/chungtatech.com.vn\/en\/wp-json\/wp\/v2\/users\/1"}],"replies":[{"embeddable":true,"href":"https:\/\/chungtatech.com.vn\/en\/wp-json\/wp\/v2\/comments?post=529"}],"version-history":[{"count":10,"href":"https:\/\/chungtatech.com.vn\/en\/wp-json\/wp\/v2\/pages\/529\/revisions"}],"predecessor-version":[{"id":5148,"href":"https:\/\/chungtatech.com.vn\/en\/wp-json\/wp\/v2\/pages\/529\/revisions\/5148"}],"wp:attachment":[{"href":"https:\/\/chungtatech.com.vn\/en\/wp-json\/wp\/v2\/media?parent=529"}],"curies":[{"name":"wp","href":"https:\/\/api.w.org\/{rel}","templated":true}]}}