{"id":4136,"date":"2025-11-12T16:12:39","date_gmt":"2025-11-12T09:12:39","guid":{"rendered":"https:\/\/chungtatech.123websitedev.com\/san-pham\/phot-lam-kin-model-s\/"},"modified":"2025-12-08T17:05:38","modified_gmt":"2025-12-08T10:05:38","slug":"phot-lam-kin-model-s","status":"publish","type":"product","link":"https:\/\/chungtatech.com.vn\/en\/product\/phot-lam-kin-model-s\/","title":{"rendered":"PH\u1ed0T L\u00c0M K\u00cdN MODEL S"},"content":{"rendered":"<p><img loading=\"lazy\" decoding=\"async\" class=\"alignnone wp-image-1311\" src=\"http:\/\/25032.lamdx.vinawebsite.vn\/wp-content\/uploads\/2019\/10\/SEAL-S-529x400.png\" alt=\"\" width=\"628\" height=\"475\" \/><\/p>","protected":false},"excerpt":{"rendered":"<p><span style=\"font-family: 'times new roman', times, serif; font-size: 16px;\">\u00c1p su\u1ea5t \u00a0 \u00a0 \u00a0 \u00a0 \u00a0 \u00a0: \u226410kg\/\u33a0<\/span><br \/>\n<span style=\"font-family: 'times new roman', times, serif; font-size: 16px;\">T\u1ed1c \u0111\u1ed9 quay \u00a0 \u00a0: \u226410 m\/s<\/span><br \/>\n<span style=\"font-family: 'times new roman', times, serif; font-size: 16px;\">Nhi\u1ec7t \u0111\u1ed9 \u00a0 \u00a0 \u00a0 \u00a0 \u00a0: -30\u2103\uff5e+200\u2103<\/span><br \/>\n<span style=\"font-family: 'times new roman', times, serif; font-size: 16px;\">Ph\u1ea7n quay (Carbon\/Sic\/TC)<\/span><br \/>\n<span style=\"font-family: 'times new roman', times, serif; font-size: 16px;\">Ph\u1ea7n t\u0129nh (Ceramic\/Sic\/Tc)<\/span><br \/>\n<span style=\"font-family: 'times new roman', times, serif; font-size: 16px;\">Ph\u1ea7n cao su l\u00e0m k\u00edn (NBR\/EPDM\/VITON)<\/span><br \/>\n<span style=\"font-family: 'times new roman', times, serif; font-size: 16px;\">L\u00f2 xo v\u00e0 ph\u1ea7n kh\u00e1c (Sus304\/Sus316)<\/span><br \/>\n<span style=\"font-family: 'times new roman', times, serif; font-size: 16px;\">Nha\u0300 sa\u0309n xu\u00e2\u0301t: Ha\u0300n Qu\u00f4\u0301c<\/span><\/p>","protected":false},"featured_media":4137,"comment_status":"closed","ping_status":"closed","template":"","meta":{"inline_featured_image":false},"product_brand":[],"product_cat":[2139,15],"product_tag":[],"class_list":{"0":"post-4136","1":"product","2":"type-product","3":"status-publish","4":"has-post-thumbnail","6":"product_cat-shinsung-seal","7":"product_cat-chua-phan-loai","9":"first","10":"instock","11":"product-type-simple"},"acf":[],"yoast_head":"<!-- This site is optimized with the Yoast SEO Premium plugin v20.9 (Yoast SEO v20.9) - https:\/\/yoast.com\/wordpress\/plugins\/seo\/ -->\n<title>PH\u1ed0T L\u00c0M K\u00cdN MODEL S - C\u00f4ng Ty TNHH TM-DV K\u1ef9 Thu\u1eadt Ch\u00fang Ta<\/title>\n<meta name=\"robots\" content=\"index, follow, max-snippet:-1, max-image-preview:large, max-video-preview:-1\" \/>\n<link rel=\"canonical\" href=\"https:\/\/chungtatech.com.vn\/en\/product\/phot-lam-kin-model-s\/\" \/>\n<meta property=\"og:locale\" content=\"en_US\" \/>\n<meta property=\"og:type\" content=\"article\" \/>\n<meta property=\"og:title\" content=\"PH\u1ed0T L\u00c0M K\u00cdN MODEL S\" \/>\n<meta property=\"og:description\" content=\"\u00c1p su\u1ea5t \u00a0 \u00a0 \u00a0 \u00a0 \u00a0 \u00a0: \u226410kg\/\u33a0 T\u1ed1c \u0111\u1ed9 quay \u00a0 \u00a0: \u226410 m\/s Nhi\u1ec7t \u0111\u1ed9 \u00a0 \u00a0 \u00a0 \u00a0 \u00a0: -30\u2103\uff5e+200\u2103 Ph\u1ea7n quay (Carbon\/Sic\/TC) Ph\u1ea7n t\u0129nh (Ceramic\/Sic\/Tc) Ph\u1ea7n cao su l\u00e0m k\u00edn (NBR\/EPDM\/VITON) L\u00f2 xo v\u00e0 ph\u1ea7n kh\u00e1c (Sus304\/Sus316) Nha\u0300 sa\u0309n xu\u00e2\u0301t: Ha\u0300n Qu\u00f4\u0301c\" \/>\n<meta property=\"og:url\" content=\"https:\/\/chungtatech.com.vn\/en\/product\/phot-lam-kin-model-s\/\" \/>\n<meta property=\"og:site_name\" content=\"C\u00f4ng Ty TNHH TM-DV K\u1ef9 Thu\u1eadt Ch\u00fang Ta\" \/>\n<meta property=\"article:modified_time\" content=\"2025-12-08T10:05:38+00:00\" \/>\n<meta property=\"og:image\" content=\"https:\/\/chungtatech.com.vn\/wp-content\/uploads\/2025\/11\/MODEL-S-SERIES.png\" \/>\n\t<meta property=\"og:image:width\" content=\"299\" \/>\n\t<meta property=\"og:image:height\" content=\"194\" \/>\n\t<meta property=\"og:image:type\" content=\"image\/png\" \/>\n<meta name=\"twitter:card\" content=\"summary_large_image\" \/>\n<script type=\"application\/ld+json\" class=\"yoast-schema-graph\">{\"@context\":\"https:\/\/schema.org\",\"@graph\":[{\"@type\":\"WebPage\",\"@id\":\"https:\/\/chungtatech.com.vn\/san-pham\/phot-lam-kin-model-s\/\",\"url\":\"https:\/\/chungtatech.com.vn\/san-pham\/phot-lam-kin-model-s\/\",\"name\":\"PH\u1ed0T L\u00c0M K\u00cdN MODEL S - C\u00f4ng Ty TNHH TM-DV K\u1ef9 Thu\u1eadt Ch\u00fang Ta\",\"isPartOf\":{\"@id\":\"https:\/\/chungtatech.com.vn\/#website\"},\"datePublished\":\"2025-11-12T09:12:39+00:00\",\"dateModified\":\"2025-12-08T10:05:38+00:00\",\"breadcrumb\":{\"@id\":\"https:\/\/chungtatech.com.vn\/san-pham\/phot-lam-kin-model-s\/#breadcrumb\"},\"inLanguage\":\"en-US\",\"potentialAction\":[{\"@type\":\"ReadAction\",\"target\":[\"https:\/\/chungtatech.com.vn\/san-pham\/phot-lam-kin-model-s\/\"]}]},{\"@type\":\"BreadcrumbList\",\"@id\":\"https:\/\/chungtatech.com.vn\/san-pham\/phot-lam-kin-model-s\/#breadcrumb\",\"itemListElement\":[{\"@type\":\"ListItem\",\"position\":1,\"name\":\"Trang ch\u1ee7\",\"item\":\"https:\/\/chungtatech.com.vn\/\"},{\"@type\":\"ListItem\",\"position\":2,\"name\":\"S\u1ea3n ph\u1ea9m\",\"item\":\"https:\/\/chungtatech.com.vn\/san-pham\/\"},{\"@type\":\"ListItem\",\"position\":3,\"name\":\"PH\u1ed0T L\u00c0M K\u00cdN MODEL S\"}]},{\"@type\":\"WebSite\",\"@id\":\"https:\/\/chungtatech.com.vn\/#website\",\"url\":\"https:\/\/chungtatech.com.vn\/\",\"name\":\"C\u00f4ng Ty TNHH TM-DV K\u1ef9 Thu\u1eadt Ch\u00fang Ta\",\"description\":\"\",\"potentialAction\":[{\"@type\":\"SearchAction\",\"target\":{\"@type\":\"EntryPoint\",\"urlTemplate\":\"https:\/\/chungtatech.com.vn\/?s={search_term_string}\"},\"query-input\":\"required name=search_term_string\"}],\"inLanguage\":\"en-US\"}]}<\/script>\n<!-- \/ Yoast SEO Premium plugin. -->","yoast_head_json":{"title":"PH\u1ed0T L\u00c0M K\u00cdN MODEL S - C\u00f4ng Ty TNHH TM-DV K\u1ef9 Thu\u1eadt Ch\u00fang Ta","robots":{"index":"index","follow":"follow","max-snippet":"max-snippet:-1","max-image-preview":"max-image-preview:large","max-video-preview":"max-video-preview:-1"},"canonical":"https:\/\/chungtatech.com.vn\/en\/product\/phot-lam-kin-model-s\/","og_locale":"en_US","og_type":"article","og_title":"PH\u1ed0T L\u00c0M K\u00cdN MODEL S","og_description":"\u00c1p su\u1ea5t \u00a0 \u00a0 \u00a0 \u00a0 \u00a0 \u00a0: \u226410kg\/\u33a0 T\u1ed1c \u0111\u1ed9 quay \u00a0 \u00a0: \u226410 m\/s Nhi\u1ec7t \u0111\u1ed9 \u00a0 \u00a0 \u00a0 \u00a0 \u00a0: -30\u2103\uff5e+200\u2103 Ph\u1ea7n quay (Carbon\/Sic\/TC) Ph\u1ea7n t\u0129nh (Ceramic\/Sic\/Tc) Ph\u1ea7n cao su l\u00e0m k\u00edn (NBR\/EPDM\/VITON) L\u00f2 xo v\u00e0 ph\u1ea7n kh\u00e1c (Sus304\/Sus316) Nha\u0300 sa\u0309n xu\u00e2\u0301t: Ha\u0300n Qu\u00f4\u0301c","og_url":"https:\/\/chungtatech.com.vn\/en\/product\/phot-lam-kin-model-s\/","og_site_name":"C\u00f4ng Ty TNHH TM-DV K\u1ef9 Thu\u1eadt Ch\u00fang Ta","article_modified_time":"2025-12-08T10:05:38+00:00","og_image":[{"width":299,"height":194,"url":"https:\/\/chungtatech.com.vn\/wp-content\/uploads\/2025\/11\/MODEL-S-SERIES.png","type":"image\/png"}],"twitter_card":"summary_large_image","schema":{"@context":"https:\/\/schema.org","@graph":[{"@type":"WebPage","@id":"https:\/\/chungtatech.com.vn\/san-pham\/phot-lam-kin-model-s\/","url":"https:\/\/chungtatech.com.vn\/san-pham\/phot-lam-kin-model-s\/","name":"PH\u1ed0T L\u00c0M K\u00cdN MODEL S - C\u00f4ng Ty TNHH TM-DV K\u1ef9 Thu\u1eadt Ch\u00fang Ta","isPartOf":{"@id":"https:\/\/chungtatech.com.vn\/#website"},"datePublished":"2025-11-12T09:12:39+00:00","dateModified":"2025-12-08T10:05:38+00:00","breadcrumb":{"@id":"https:\/\/chungtatech.com.vn\/san-pham\/phot-lam-kin-model-s\/#breadcrumb"},"inLanguage":"en-US","potentialAction":[{"@type":"ReadAction","target":["https:\/\/chungtatech.com.vn\/san-pham\/phot-lam-kin-model-s\/"]}]},{"@type":"BreadcrumbList","@id":"https:\/\/chungtatech.com.vn\/san-pham\/phot-lam-kin-model-s\/#breadcrumb","itemListElement":[{"@type":"ListItem","position":1,"name":"Trang ch\u1ee7","item":"https:\/\/chungtatech.com.vn\/"},{"@type":"ListItem","position":2,"name":"S\u1ea3n ph\u1ea9m","item":"https:\/\/chungtatech.com.vn\/san-pham\/"},{"@type":"ListItem","position":3,"name":"PH\u1ed0T L\u00c0M K\u00cdN MODEL S"}]},{"@type":"WebSite","@id":"https:\/\/chungtatech.com.vn\/#website","url":"https:\/\/chungtatech.com.vn\/","name":"C\u00f4ng Ty TNHH TM-DV K\u1ef9 Thu\u1eadt Ch\u00fang Ta","description":"","potentialAction":[{"@type":"SearchAction","target":{"@type":"EntryPoint","urlTemplate":"https:\/\/chungtatech.com.vn\/?s={search_term_string}"},"query-input":"required name=search_term_string"}],"inLanguage":"en-US"}]}},"_links":{"self":[{"href":"https:\/\/chungtatech.com.vn\/en\/wp-json\/wp\/v2\/product\/4136","targetHints":{"allow":["GET"]}}],"collection":[{"href":"https:\/\/chungtatech.com.vn\/en\/wp-json\/wp\/v2\/product"}],"about":[{"href":"https:\/\/chungtatech.com.vn\/en\/wp-json\/wp\/v2\/types\/product"}],"replies":[{"embeddable":true,"href":"https:\/\/chungtatech.com.vn\/en\/wp-json\/wp\/v2\/comments?post=4136"}],"wp:featuredmedia":[{"embeddable":true,"href":"https:\/\/chungtatech.com.vn\/en\/wp-json\/wp\/v2\/media\/4137"}],"wp:attachment":[{"href":"https:\/\/chungtatech.com.vn\/en\/wp-json\/wp\/v2\/media?parent=4136"}],"wp:term":[{"taxonomy":"product_brand","embeddable":true,"href":"https:\/\/chungtatech.com.vn\/en\/wp-json\/wp\/v2\/product_brand?post=4136"},{"taxonomy":"product_cat","embeddable":true,"href":"https:\/\/chungtatech.com.vn\/en\/wp-json\/wp\/v2\/product_cat?post=4136"},{"taxonomy":"product_tag","embeddable":true,"href":"https:\/\/chungtatech.com.vn\/en\/wp-json\/wp\/v2\/product_tag?post=4136"}],"curies":[{"name":"wp","href":"https:\/\/api.w.org\/{rel}","templated":true}]}}