{"id":4217,"date":"2025-11-12T16:14:38","date_gmt":"2025-11-12T09:14:38","guid":{"rendered":"https:\/\/chungtatech.123websitedev.com\/san-pham\/bom-dukji-model-dfv\/"},"modified":"2025-11-18T14:54:21","modified_gmt":"2025-11-18T07:54:21","slug":"bom-dukji-model-dfv","status":"publish","type":"product","link":"https:\/\/chungtatech.com.vn\/en\/product\/bom-dukji-model-dfv\/","title":{"rendered":"B\u01a0M DUKJI MODEL DFV"},"content":{"rendered":"<p><span style=\"font-size: 18px; font-family: 'times new roman', times, serif;\"><strong>\u1ee8ng D\u1ee5ng<\/strong><\/span><br \/>\n<span style=\"font-size: 16px; font-family: 'times new roman', times, serif;\">\u00a0\u00a0\u2022 H\u1ec7 th\u1ed1ng tho\u00e1t n\u01b0\u1edbc v\u00e0 d\u1ecbch v\u1ee5 c\u1ea5p n\u01b0\u1edbc v\u1edbi l\u01b0u l\u01b0\u1ee3ng n\u01b0\u1edbc cao, t\u01b0\u1edbi ti\u00eau, c\u1ea5p n\u01b0\u1edbc cho c\u00e1c ng\u00e0nh kh\u00e1c.<\/span><br \/>\n<span style=\"font-size: 18px; font-family: 'times new roman', times, serif;\"><strong>Th\u00f4ng S\u1ed1 K\u1ef9 Thu\u1eadt<\/strong><\/span><br \/>\n<span style=\"font-size: 16px; font-family: 'times new roman', times, serif;\">\u00a0\u2022 Model: DFV<\/span><br \/>\n<span style=\"font-size: 16px; font-family: 'times new roman', times, serif;\">\u00a0\u2022 C\u1ed9t \u00e1p : ~ 60m<\/span><br \/>\n<span style=\"font-size: 16px; font-family: 'times new roman', times, serif;\">\u00a0\u2022 L\u01b0u l\u01b0\u1ee3ng : ~ 18000 m3\/hr<\/span><br \/>\n<span style=\"font-size: 16px; font-family: 'times new roman', times, serif;\">\u00a0\u2022 H\u1ecdng h\u00fat x\u1ea3 : \u03a6250 ~\u03a61500<\/span><br \/>\n<span style=\"font-size: 16px; font-family: 'times new roman', times, serif;\">\u00a0\u2022 C\u00f3 gi\u1ea5y ch\u1ee9ng nh\u1eadn nh\u1eadp kh\u1ea9u CO-CQ<\/span><br \/>\n<span style=\"font-size: 16px; font-family: 'times new roman', times, serif;\">\u00a0\u2022 C\u00f3 linh ki\u1ec7n thay th\u1ebf v\u00e0 s\u1eeda ch\u1eefa<\/span><br \/>\n<span style=\"font-size: 16px; font-family: 'times new roman', times, serif;\">\u00a0\u2022 Xu\u1ea5t s\u1ee9 : H\u00e0n Qu\u1ed1c<\/span><br \/>\n<span style=\"font-size: 16px; font-family: 'times new roman', times, serif;\">\u00a0\u2022 B\u1ea3o h\u00e0nh : 12 th\u00e1ng<\/span><br \/>\n<span style=\"font-size: 16px; font-family: 'times new roman', times, serif;\"><strong><span style=\"font-size: 18px;\">V\u1eadt Li\u1ec7u<\/span><br \/>\n<\/strong>\u00a0\u2022 Gang th\u00e9p<\/span><br \/>\n<span style=\"font-size: 16px; font-family: 'times new roman', times, serif;\">\u00a0\u2022 Th\u00e9p kh\u00f4ng r\u1ec9<\/span><\/p>","protected":false},"excerpt":{"rendered":"<ul class=\"l pr-des-featured\">\n<li><span style=\"font-family: 'times new roman', times, serif; font-size: 16px;\">M\u00e3 s\u1ea3n ph\u1ea9m: DFV<\/span><\/li>\n<li><span style=\"font-family: 'times new roman', times, serif; font-size: 16px;\">B\u1ea3o h\u00e0nh: 12 Th\u00e1ng<\/span><\/li>\n<li><span style=\"font-family: 'times new roman', times, serif; font-size: 16px;\">Xu\u1ea5t x\u1ee9 : H\u00e0n Qu\u1ed1c<\/span><\/li>\n<\/ul>","protected":false},"featured_media":4218,"comment_status":"closed","ping_status":"open","template":"","meta":{"inline_featured_image":false},"product_brand":[2136],"product_cat":[2065],"product_tag":[],"class_list":{"0":"post-4217","1":"product","2":"type-product","3":"status-publish","4":"has-post-thumbnail","6":"product_brand-dukji","7":"product_cat-bom-dukji","9":"first","10":"instock","11":"product-type-simple"},"acf":[],"yoast_head":"<!-- This site is optimized with the Yoast SEO Premium plugin v20.9 (Yoast SEO v20.9) - https:\/\/yoast.com\/wordpress\/plugins\/seo\/ -->\n<title>B\u01a0M DUKJI MODEL DFV - C\u00f4ng Ty TNHH TM-DV K\u1ef9 Thu\u1eadt Ch\u00fang Ta<\/title>\n<meta name=\"robots\" content=\"index, follow, max-snippet:-1, max-image-preview:large, max-video-preview:-1\" \/>\n<link rel=\"canonical\" href=\"https:\/\/chungtatech.com.vn\/en\/product\/bom-dukji-model-dfv\/\" \/>\n<meta property=\"og:locale\" content=\"en_US\" \/>\n<meta property=\"og:type\" content=\"article\" \/>\n<meta property=\"og:title\" content=\"B\u01a0M DUKJI MODEL DFV\" \/>\n<meta property=\"og:description\" content=\"M\u00e3 s\u1ea3n ph\u1ea9m: DFV  B\u1ea3o h\u00e0nh: 12 Th\u00e1ng  Xu\u1ea5t x\u1ee9 : H\u00e0n Qu\u1ed1c\" \/>\n<meta property=\"og:url\" content=\"https:\/\/chungtatech.com.vn\/en\/product\/bom-dukji-model-dfv\/\" \/>\n<meta property=\"og:site_name\" content=\"C\u00f4ng Ty TNHH TM-DV K\u1ef9 Thu\u1eadt Ch\u00fang Ta\" \/>\n<meta property=\"article:modified_time\" content=\"2025-11-18T07:54:21+00:00\" \/>\n<meta property=\"og:image\" content=\"https:\/\/chungtatech.com.vn\/wp-content\/uploads\/2025\/11\/dfv.jpg\" \/>\n\t<meta property=\"og:image:width\" content=\"80\" \/>\n\t<meta property=\"og:image:height\" content=\"303\" \/>\n\t<meta property=\"og:image:type\" content=\"image\/jpeg\" \/>\n<meta name=\"twitter:card\" content=\"summary_large_image\" \/>\n<meta name=\"twitter:label1\" content=\"Est. reading time\" \/>\n\t<meta name=\"twitter:data1\" content=\"1 minute\" \/>\n<script type=\"application\/ld+json\" class=\"yoast-schema-graph\">{\"@context\":\"https:\/\/schema.org\",\"@graph\":[{\"@type\":\"WebPage\",\"@id\":\"https:\/\/chungtatech.com.vn\/san-pham\/bom-dukji-model-dfv\/\",\"url\":\"https:\/\/chungtatech.com.vn\/san-pham\/bom-dukji-model-dfv\/\",\"name\":\"B\u01a0M DUKJI MODEL DFV - C\u00f4ng Ty TNHH TM-DV K\u1ef9 Thu\u1eadt Ch\u00fang Ta\",\"isPartOf\":{\"@id\":\"https:\/\/chungtatech.com.vn\/#website\"},\"datePublished\":\"2025-11-12T09:14:38+00:00\",\"dateModified\":\"2025-11-18T07:54:21+00:00\",\"breadcrumb\":{\"@id\":\"https:\/\/chungtatech.com.vn\/san-pham\/bom-dukji-model-dfv\/#breadcrumb\"},\"inLanguage\":\"en-US\",\"potentialAction\":[{\"@type\":\"ReadAction\",\"target\":[\"https:\/\/chungtatech.com.vn\/san-pham\/bom-dukji-model-dfv\/\"]}]},{\"@type\":\"BreadcrumbList\",\"@id\":\"https:\/\/chungtatech.com.vn\/san-pham\/bom-dukji-model-dfv\/#breadcrumb\",\"itemListElement\":[{\"@type\":\"ListItem\",\"position\":1,\"name\":\"Trang ch\u1ee7\",\"item\":\"https:\/\/chungtatech.com.vn\/\"},{\"@type\":\"ListItem\",\"position\":2,\"name\":\"S\u1ea3n ph\u1ea9m\",\"item\":\"https:\/\/chungtatech.com.vn\/san-pham\/\"},{\"@type\":\"ListItem\",\"position\":3,\"name\":\"B\u01a0M DUKJI MODEL DFV\"}]},{\"@type\":\"WebSite\",\"@id\":\"https:\/\/chungtatech.com.vn\/#website\",\"url\":\"https:\/\/chungtatech.com.vn\/\",\"name\":\"C\u00f4ng Ty TNHH TM-DV K\u1ef9 Thu\u1eadt Ch\u00fang Ta\",\"description\":\"\",\"potentialAction\":[{\"@type\":\"SearchAction\",\"target\":{\"@type\":\"EntryPoint\",\"urlTemplate\":\"https:\/\/chungtatech.com.vn\/?s={search_term_string}\"},\"query-input\":\"required name=search_term_string\"}],\"inLanguage\":\"en-US\"}]}<\/script>\n<!-- \/ Yoast SEO Premium plugin. -->","yoast_head_json":{"title":"B\u01a0M DUKJI MODEL DFV - C\u00f4ng Ty TNHH TM-DV K\u1ef9 Thu\u1eadt Ch\u00fang Ta","robots":{"index":"index","follow":"follow","max-snippet":"max-snippet:-1","max-image-preview":"max-image-preview:large","max-video-preview":"max-video-preview:-1"},"canonical":"https:\/\/chungtatech.com.vn\/en\/product\/bom-dukji-model-dfv\/","og_locale":"en_US","og_type":"article","og_title":"B\u01a0M DUKJI MODEL DFV","og_description":"M\u00e3 s\u1ea3n ph\u1ea9m: DFV  B\u1ea3o h\u00e0nh: 12 Th\u00e1ng  Xu\u1ea5t x\u1ee9 : H\u00e0n Qu\u1ed1c","og_url":"https:\/\/chungtatech.com.vn\/en\/product\/bom-dukji-model-dfv\/","og_site_name":"C\u00f4ng Ty TNHH TM-DV K\u1ef9 Thu\u1eadt Ch\u00fang Ta","article_modified_time":"2025-11-18T07:54:21+00:00","og_image":[{"width":80,"height":303,"url":"https:\/\/chungtatech.com.vn\/wp-content\/uploads\/2025\/11\/dfv.jpg","type":"image\/jpeg"}],"twitter_card":"summary_large_image","twitter_misc":{"Est. reading time":"1 minute"},"schema":{"@context":"https:\/\/schema.org","@graph":[{"@type":"WebPage","@id":"https:\/\/chungtatech.com.vn\/san-pham\/bom-dukji-model-dfv\/","url":"https:\/\/chungtatech.com.vn\/san-pham\/bom-dukji-model-dfv\/","name":"B\u01a0M DUKJI MODEL DFV - C\u00f4ng Ty TNHH TM-DV K\u1ef9 Thu\u1eadt Ch\u00fang Ta","isPartOf":{"@id":"https:\/\/chungtatech.com.vn\/#website"},"datePublished":"2025-11-12T09:14:38+00:00","dateModified":"2025-11-18T07:54:21+00:00","breadcrumb":{"@id":"https:\/\/chungtatech.com.vn\/san-pham\/bom-dukji-model-dfv\/#breadcrumb"},"inLanguage":"en-US","potentialAction":[{"@type":"ReadAction","target":["https:\/\/chungtatech.com.vn\/san-pham\/bom-dukji-model-dfv\/"]}]},{"@type":"BreadcrumbList","@id":"https:\/\/chungtatech.com.vn\/san-pham\/bom-dukji-model-dfv\/#breadcrumb","itemListElement":[{"@type":"ListItem","position":1,"name":"Trang ch\u1ee7","item":"https:\/\/chungtatech.com.vn\/"},{"@type":"ListItem","position":2,"name":"S\u1ea3n ph\u1ea9m","item":"https:\/\/chungtatech.com.vn\/san-pham\/"},{"@type":"ListItem","position":3,"name":"B\u01a0M DUKJI MODEL DFV"}]},{"@type":"WebSite","@id":"https:\/\/chungtatech.com.vn\/#website","url":"https:\/\/chungtatech.com.vn\/","name":"C\u00f4ng Ty TNHH TM-DV K\u1ef9 Thu\u1eadt Ch\u00fang Ta","description":"","potentialAction":[{"@type":"SearchAction","target":{"@type":"EntryPoint","urlTemplate":"https:\/\/chungtatech.com.vn\/?s={search_term_string}"},"query-input":"required name=search_term_string"}],"inLanguage":"en-US"}]}},"_links":{"self":[{"href":"https:\/\/chungtatech.com.vn\/en\/wp-json\/wp\/v2\/product\/4217","targetHints":{"allow":["GET"]}}],"collection":[{"href":"https:\/\/chungtatech.com.vn\/en\/wp-json\/wp\/v2\/product"}],"about":[{"href":"https:\/\/chungtatech.com.vn\/en\/wp-json\/wp\/v2\/types\/product"}],"replies":[{"embeddable":true,"href":"https:\/\/chungtatech.com.vn\/en\/wp-json\/wp\/v2\/comments?post=4217"}],"wp:featuredmedia":[{"embeddable":true,"href":"https:\/\/chungtatech.com.vn\/en\/wp-json\/wp\/v2\/media\/4218"}],"wp:attachment":[{"href":"https:\/\/chungtatech.com.vn\/en\/wp-json\/wp\/v2\/media?parent=4217"}],"wp:term":[{"taxonomy":"product_brand","embeddable":true,"href":"https:\/\/chungtatech.com.vn\/en\/wp-json\/wp\/v2\/product_brand?post=4217"},{"taxonomy":"product_cat","embeddable":true,"href":"https:\/\/chungtatech.com.vn\/en\/wp-json\/wp\/v2\/product_cat?post=4217"},{"taxonomy":"product_tag","embeddable":true,"href":"https:\/\/chungtatech.com.vn\/en\/wp-json\/wp\/v2\/product_tag?post=4217"}],"curies":[{"name":"wp","href":"https:\/\/api.w.org\/{rel}","templated":true}]}}