{"id":4247,"date":"2025-11-12T16:14:38","date_gmt":"2025-11-12T09:14:38","guid":{"rendered":"https:\/\/chungtatech.123websitedev.com\/san-pham\/bom-dang-dung-model-npvp\/"},"modified":"2025-11-18T14:54:26","modified_gmt":"2025-11-18T07:54:26","slug":"bom-dang-dung-model-npvp","status":"publish","type":"product","link":"https:\/\/chungtatech.com.vn\/en\/product\/bom-dang-dung-model-npvp\/","title":{"rendered":"B\u01a0M D\u1ea0NG \u0110\u1ee8NG MODEL NPVP"},"content":{"rendered":"<p><span style=\"font-size: 18px; font-family: 'times new roman', times, serif;\"><strong>\u1ee8ng D\u1ee5ng<\/strong><\/span><br \/>\n<span style=\"font-size: 16px; font-family: 'times new roman', times, serif;\">\u00a0\u00a0\u2022 V\u1eadn chuy\u1ec3n c\u00e1c h\u00f3a ch\u1ea5t kh\u00e1c nhau (Axit clohydric, axit sunfuric, Ferric Clorua, cromat, axit hydrofluoric v\u00e0 dung d\u1ecbch ki\u1ec1m, v.v.), c\u01a1 s\u1edf x\u1eed l\u00fd n\u01b0\u1edbc th\u1ea3i, thu b\u1ee5i, l\u1ecdc tu\u1ea7n ho\u00e0n \u0103n m\u00f2n cho dung d\u1ecbch m\u1ea1, r\u1eeda axit v\u00e0 gi\u1ea5u nh\u00e0 nhu\u1ed9m.<\/span><br \/>\n<span style=\"font-size: 18px; font-family: 'times new roman', times, serif;\"><strong>Th\u00f4ng S\u1ed1 K\u1ef9 Thu\u1eadt<\/strong><\/span><br \/>\n<span style=\"font-size: 16px; font-family: 'times new roman', times, serif;\">\u00a0 \u2022 Model: NPVP<\/span><br \/>\n<span style=\"font-size: 16px; font-family: 'times new roman', times, serif;\">\u00a0 \u2022 C\u1ed9t \u00e1p : ~ 50m<\/span><br \/>\n<span style=\"font-size: 16px; font-family: 'times new roman', times, serif;\">\u00a0 \u2022 L\u01b0u l\u01b0\u1ee3ng : ~ 450 m3\/hr<\/span><br \/>\n<span style=\"font-size: 16px; font-family: 'times new roman', times, serif;\">\u00a0 \u2022 H\u1ecdng h\u00fat x\u1ea3 : \u03a625 ~\u03a6250<\/span><br \/>\n<span style=\"font-size: 16px; font-family: 'times new roman', times, serif;\">\u00a0 \u2022 C\u00f3 gi\u1ea5y ch\u1ee9ng nh\u1eadn nh\u1eadp kh\u1ea9u CO-CQ<\/span><br \/>\n<span style=\"font-size: 16px; font-family: 'times new roman', times, serif;\">\u00a0 \u2022 C\u00f3 linh ki\u1ec7n thay th\u1ebf v\u00e0 s\u1eeda ch\u1eefa<\/span><br \/>\n<span style=\"font-size: 16px; font-family: 'times new roman', times, serif;\">\u00a0 \u2022 Xu\u1ea5t s\u1ee9 : H\u00e0n Qu\u1ed1c<\/span><br \/>\n<span style=\"font-size: 16px; font-family: 'times new roman', times, serif;\">\u00a0 \u2022 B\u1ea3o h\u00e0nh : 12 th\u00e1ng<\/span><\/p>","protected":false},"excerpt":{"rendered":"<ul class=\"l pr-des-featured\">\n<li><span style=\"font-family: 'times new roman', times, serif; font-size: 16px;\">M\u00e3 s\u1ea3n ph\u1ea9m: NPVP<\/span><\/li>\n<li><span style=\"font-family: 'times new roman', times, serif; font-size: 16px;\">B\u1ea3o h\u00e0nh: 12 Th\u00e1ng<\/span><\/li>\n<li><span style=\"font-family: 'times new roman', times, serif; font-size: 16px;\">Xu\u1ea5t x\u1ee9 : H\u00e0n Qu\u1ed1c<\/span><\/li>\n<\/ul>","protected":false},"featured_media":4248,"comment_status":"closed","ping_status":"open","template":"","meta":{"inline_featured_image":false},"product_brand":[2136],"product_cat":[2065,2066],"product_tag":[],"class_list":{"0":"post-4247","1":"product","2":"type-product","3":"status-publish","4":"has-post-thumbnail","6":"product_brand-dukji","7":"product_cat-bom-dukji","8":"product_cat-bom-hoa-chat-dau-khi","10":"first","11":"instock","12":"product-type-simple"},"acf":[],"yoast_head":"<!-- This site is optimized with the Yoast SEO Premium plugin v20.9 (Yoast SEO v20.9) - https:\/\/yoast.com\/wordpress\/plugins\/seo\/ -->\n<title>B\u01a0M D\u1ea0NG \u0110\u1ee8NG MODEL NPVP - C\u00f4ng Ty TNHH TM-DV K\u1ef9 Thu\u1eadt Ch\u00fang Ta<\/title>\n<meta name=\"robots\" content=\"index, follow, max-snippet:-1, max-image-preview:large, max-video-preview:-1\" \/>\n<link rel=\"canonical\" href=\"https:\/\/chungtatech.com.vn\/en\/product\/bom-dang-dung-model-npvp\/\" \/>\n<meta property=\"og:locale\" content=\"en_US\" \/>\n<meta property=\"og:type\" content=\"article\" \/>\n<meta property=\"og:title\" content=\"B\u01a0M D\u1ea0NG \u0110\u1ee8NG MODEL NPVP\" \/>\n<meta property=\"og:description\" content=\"M\u00e3 s\u1ea3n ph\u1ea9m: NPVP  B\u1ea3o h\u00e0nh: 12 Th\u00e1ng  Xu\u1ea5t x\u1ee9 : H\u00e0n Qu\u1ed1c\" \/>\n<meta property=\"og:url\" content=\"https:\/\/chungtatech.com.vn\/en\/product\/bom-dang-dung-model-npvp\/\" \/>\n<meta property=\"og:site_name\" content=\"C\u00f4ng Ty TNHH TM-DV K\u1ef9 Thu\u1eadt Ch\u00fang Ta\" \/>\n<meta property=\"article:modified_time\" content=\"2025-11-18T07:54:26+00:00\" \/>\n<meta property=\"og:image\" content=\"https:\/\/chungtatech.com.vn\/wp-content\/uploads\/2025\/11\/NPVP.jpg\" \/>\n\t<meta property=\"og:image:width\" content=\"105\" \/>\n\t<meta property=\"og:image:height\" content=\"274\" \/>\n\t<meta property=\"og:image:type\" content=\"image\/jpeg\" \/>\n<meta name=\"twitter:card\" content=\"summary_large_image\" \/>\n<meta name=\"twitter:label1\" content=\"Est. reading time\" \/>\n\t<meta name=\"twitter:data1\" content=\"1 minute\" \/>\n<script type=\"application\/ld+json\" class=\"yoast-schema-graph\">{\"@context\":\"https:\/\/schema.org\",\"@graph\":[{\"@type\":\"WebPage\",\"@id\":\"https:\/\/chungtatech.com.vn\/san-pham\/bom-dang-dung-model-npvp\/\",\"url\":\"https:\/\/chungtatech.com.vn\/san-pham\/bom-dang-dung-model-npvp\/\",\"name\":\"B\u01a0M D\u1ea0NG \u0110\u1ee8NG MODEL NPVP - C\u00f4ng Ty TNHH TM-DV K\u1ef9 Thu\u1eadt Ch\u00fang Ta\",\"isPartOf\":{\"@id\":\"https:\/\/chungtatech.com.vn\/#website\"},\"datePublished\":\"2025-11-12T09:14:38+00:00\",\"dateModified\":\"2025-11-18T07:54:26+00:00\",\"breadcrumb\":{\"@id\":\"https:\/\/chungtatech.com.vn\/san-pham\/bom-dang-dung-model-npvp\/#breadcrumb\"},\"inLanguage\":\"en-US\",\"potentialAction\":[{\"@type\":\"ReadAction\",\"target\":[\"https:\/\/chungtatech.com.vn\/san-pham\/bom-dang-dung-model-npvp\/\"]}]},{\"@type\":\"BreadcrumbList\",\"@id\":\"https:\/\/chungtatech.com.vn\/san-pham\/bom-dang-dung-model-npvp\/#breadcrumb\",\"itemListElement\":[{\"@type\":\"ListItem\",\"position\":1,\"name\":\"Trang ch\u1ee7\",\"item\":\"https:\/\/chungtatech.com.vn\/\"},{\"@type\":\"ListItem\",\"position\":2,\"name\":\"S\u1ea3n ph\u1ea9m\",\"item\":\"https:\/\/chungtatech.com.vn\/san-pham\/\"},{\"@type\":\"ListItem\",\"position\":3,\"name\":\"B\u01a0M D\u1ea0NG \u0110\u1ee8NG MODEL NPVP\"}]},{\"@type\":\"WebSite\",\"@id\":\"https:\/\/chungtatech.com.vn\/#website\",\"url\":\"https:\/\/chungtatech.com.vn\/\",\"name\":\"C\u00f4ng Ty TNHH TM-DV K\u1ef9 Thu\u1eadt Ch\u00fang Ta\",\"description\":\"\",\"potentialAction\":[{\"@type\":\"SearchAction\",\"target\":{\"@type\":\"EntryPoint\",\"urlTemplate\":\"https:\/\/chungtatech.com.vn\/?s={search_term_string}\"},\"query-input\":\"required name=search_term_string\"}],\"inLanguage\":\"en-US\"}]}<\/script>\n<!-- \/ Yoast SEO Premium plugin. -->","yoast_head_json":{"title":"B\u01a0M D\u1ea0NG \u0110\u1ee8NG MODEL NPVP - C\u00f4ng Ty TNHH TM-DV K\u1ef9 Thu\u1eadt Ch\u00fang Ta","robots":{"index":"index","follow":"follow","max-snippet":"max-snippet:-1","max-image-preview":"max-image-preview:large","max-video-preview":"max-video-preview:-1"},"canonical":"https:\/\/chungtatech.com.vn\/en\/product\/bom-dang-dung-model-npvp\/","og_locale":"en_US","og_type":"article","og_title":"B\u01a0M D\u1ea0NG \u0110\u1ee8NG MODEL NPVP","og_description":"M\u00e3 s\u1ea3n ph\u1ea9m: NPVP  B\u1ea3o h\u00e0nh: 12 Th\u00e1ng  Xu\u1ea5t x\u1ee9 : H\u00e0n Qu\u1ed1c","og_url":"https:\/\/chungtatech.com.vn\/en\/product\/bom-dang-dung-model-npvp\/","og_site_name":"C\u00f4ng Ty TNHH TM-DV K\u1ef9 Thu\u1eadt Ch\u00fang Ta","article_modified_time":"2025-11-18T07:54:26+00:00","og_image":[{"width":105,"height":274,"url":"https:\/\/chungtatech.com.vn\/wp-content\/uploads\/2025\/11\/NPVP.jpg","type":"image\/jpeg"}],"twitter_card":"summary_large_image","twitter_misc":{"Est. reading time":"1 minute"},"schema":{"@context":"https:\/\/schema.org","@graph":[{"@type":"WebPage","@id":"https:\/\/chungtatech.com.vn\/san-pham\/bom-dang-dung-model-npvp\/","url":"https:\/\/chungtatech.com.vn\/san-pham\/bom-dang-dung-model-npvp\/","name":"B\u01a0M D\u1ea0NG \u0110\u1ee8NG MODEL NPVP - C\u00f4ng Ty TNHH TM-DV K\u1ef9 Thu\u1eadt Ch\u00fang Ta","isPartOf":{"@id":"https:\/\/chungtatech.com.vn\/#website"},"datePublished":"2025-11-12T09:14:38+00:00","dateModified":"2025-11-18T07:54:26+00:00","breadcrumb":{"@id":"https:\/\/chungtatech.com.vn\/san-pham\/bom-dang-dung-model-npvp\/#breadcrumb"},"inLanguage":"en-US","potentialAction":[{"@type":"ReadAction","target":["https:\/\/chungtatech.com.vn\/san-pham\/bom-dang-dung-model-npvp\/"]}]},{"@type":"BreadcrumbList","@id":"https:\/\/chungtatech.com.vn\/san-pham\/bom-dang-dung-model-npvp\/#breadcrumb","itemListElement":[{"@type":"ListItem","position":1,"name":"Trang ch\u1ee7","item":"https:\/\/chungtatech.com.vn\/"},{"@type":"ListItem","position":2,"name":"S\u1ea3n ph\u1ea9m","item":"https:\/\/chungtatech.com.vn\/san-pham\/"},{"@type":"ListItem","position":3,"name":"B\u01a0M D\u1ea0NG \u0110\u1ee8NG MODEL NPVP"}]},{"@type":"WebSite","@id":"https:\/\/chungtatech.com.vn\/#website","url":"https:\/\/chungtatech.com.vn\/","name":"C\u00f4ng Ty TNHH TM-DV K\u1ef9 Thu\u1eadt Ch\u00fang Ta","description":"","potentialAction":[{"@type":"SearchAction","target":{"@type":"EntryPoint","urlTemplate":"https:\/\/chungtatech.com.vn\/?s={search_term_string}"},"query-input":"required name=search_term_string"}],"inLanguage":"en-US"}]}},"_links":{"self":[{"href":"https:\/\/chungtatech.com.vn\/en\/wp-json\/wp\/v2\/product\/4247","targetHints":{"allow":["GET"]}}],"collection":[{"href":"https:\/\/chungtatech.com.vn\/en\/wp-json\/wp\/v2\/product"}],"about":[{"href":"https:\/\/chungtatech.com.vn\/en\/wp-json\/wp\/v2\/types\/product"}],"replies":[{"embeddable":true,"href":"https:\/\/chungtatech.com.vn\/en\/wp-json\/wp\/v2\/comments?post=4247"}],"wp:featuredmedia":[{"embeddable":true,"href":"https:\/\/chungtatech.com.vn\/en\/wp-json\/wp\/v2\/media\/4248"}],"wp:attachment":[{"href":"https:\/\/chungtatech.com.vn\/en\/wp-json\/wp\/v2\/media?parent=4247"}],"wp:term":[{"taxonomy":"product_brand","embeddable":true,"href":"https:\/\/chungtatech.com.vn\/en\/wp-json\/wp\/v2\/product_brand?post=4247"},{"taxonomy":"product_cat","embeddable":true,"href":"https:\/\/chungtatech.com.vn\/en\/wp-json\/wp\/v2\/product_cat?post=4247"},{"taxonomy":"product_tag","embeddable":true,"href":"https:\/\/chungtatech.com.vn\/en\/wp-json\/wp\/v2\/product_tag?post=4247"}],"curies":[{"name":"wp","href":"https:\/\/api.w.org\/{rel}","templated":true}]}}