{"id":4319,"date":"2025-11-12T16:19:00","date_gmt":"2025-11-12T09:19:00","guid":{"rendered":"https:\/\/chungtatech.123websitedev.com\/san-pham\/bom-westco-dwc\/"},"modified":"2025-11-18T14:54:16","modified_gmt":"2025-11-18T07:54:16","slug":"bom-westco-dwc","status":"publish","type":"product","link":"https:\/\/chungtatech.com.vn\/en\/product\/bom-westco-dwc\/","title":{"rendered":"WESTCO DWC PUMP"},"content":{"rendered":"<p><strong><span style=\"font-size: 18px; color: #000000; font-family: 'times new roman', times, serif;\">\u1ee8ng D\u1ee5ng<\/span><\/strong><br \/>\n<span style=\"font-family: 'times new roman', times, serif; font-size: 16px; color: #000000;\"><span style=\"font-size: 18px;\">\u00a0 &#8211; C\u1ea5p n\u01b0\u1edbc cho n\u1ed3i h\u01a1i<br \/>\n&#8211; \u0110\u1ed1i v\u1edbi khu v\u1ef1c \u0111\u1ed3i n\u00fai v\u00e0 nh\u00e0 cao t\u1ea7ng<br \/>\n&#8211; \u0110\u1ed1i v\u1edbi h\u1ec7 th\u1ed1ng c\u1ea5p n\u01b0\u1edbc quy m\u00f4 nh\u1ecf<br \/>\n&#8211; \u0110\u1ec3 gi\u1ea3m b\u1edbt s\u1ef1 ki\u1ec3m so\u00e1t h\u1ecfa ho\u1ea1n<br \/>\n&#8211; B\u01a1m h\u1ed7 tr\u1ee3 ch\u1eefa ch\u00e1y<br \/>\n&#8211; \u0110\u1ed1i v\u1edbi c\u00e1c ng\u00e0nh c\u00f4ng nghi\u1ec7p kh\u00e1c<span style=\"font-size: 16px;\"><br \/>\n<\/span><strong>Th\u00f4ng S\u1ed1 K\u1ef9 Thu\u1eadt<\/strong><br \/>\n<\/span><\/span><span style=\"font-family: 'times new roman', times, serif; font-size: 16px; color: #000000;\">\u00a0 \u2022 Model: DWC<\/span><br \/>\n<span style=\"font-family: 'times new roman', times, serif; font-size: 16px; color: #000000;\">\u00a0 \u2022 C\u1ed9t \u00e1p : ~ 200m<\/span><br \/>\n<span style=\"font-family: 'times new roman', times, serif; font-size: 16px; color: #000000;\">\u00a0 \u2022 L\u01b0u l\u01b0\u1ee3ng : ~ 15 m3\/hr<\/span><br \/>\n<span style=\"font-family: 'times new roman', times, serif; font-size: 16px; color: #000000;\">\u00a0 \u2022 H\u1ecdng h\u00fat x\u1ea3 : \u03a620 ~\u03a6100<\/span><br \/>\n<span style=\"color: #000000;\"><span style=\"font-family: 'times new roman', times, serif; font-size: 16px;\">\u00a0 \u2022 C\u00f3 gi\u1ea5y ch\u1ee9ng nh\u1eadn nh\u1eadp kh\u1ea9u CO-CQ<br \/>\n<\/span><span style=\"font-family: 'times new roman', times, serif; font-size: 16px;\">\u00a0 \u2022 C\u00f3 linh ki\u1ec7n thay th\u1ebf v\u00e0 s\u1eeda ch\u1eefa<\/span><\/span><br \/>\n<span style=\"font-family: 'times new roman', times, serif; font-size: 16px; color: #000000;\">\u00a0 \u2022 Xu\u1ea5t s\u1ee9 : H\u00e0n Qu\u1ed1c<\/span><br \/>\n<span style=\"font-family: 'times new roman', times, serif; font-size: 16px; color: #000000;\">\u00a0 \u2022 B\u1ea3o h\u00e0nh : 12 th\u00e1ng<br \/>\n<\/span><span style=\"color: #000000;\"><span style=\"font-size: 16px;\"><strong><span style=\"font-family: 'times new roman', times, serif;\"><span style=\"font-size: 18px;\">V\u1eadt Li\u1ec7u<\/span><br \/>\n<\/span><\/strong><\/span><span style=\"font-family: 'times new roman', times, serif; font-size: 16px;\">\u00a0\u2022 Gang th\u00e9p<br \/>\n<\/span><span style=\"font-family: 'times new roman', times, serif; font-size: 16px;\">\u00a0\u2022 Th\u00e9p kh\u00f4ng r\u1ec9<br \/>\n<\/span><span style=\"font-family: 'times new roman', times, serif; font-size: 16px;\">\u00a0\u2022 H\u1ee3p kim \u0111\u1eb7c bi\u1ec7t (ALLOY-20, HASTELLOY, TITANIUM)<\/span><\/span><\/p>","protected":false},"excerpt":{"rendered":"<ul class=\"l pr-des-featured\">\n<li><span style=\"font-family: 'times new roman', times, serif; font-size: 16px;\">M\u00e3 s\u1ea3n ph\u1ea9m: DWC<\/span><\/li>\n<li><span style=\"font-family: 'times new roman', times, serif; font-size: 16px;\">C\u00f4ng su\u1ea5t:\u00a0<\/span><\/li>\n<li><span style=\"font-family: 'times new roman', times, serif; font-size: 16px;\">B\u1ea3o h\u00e0nh: 12 Th\u00e1ng<\/span><\/li>\n<li><span style=\"font-family: 'times new roman', times, serif; font-size: 16px;\">Xu\u1ea5t x\u1ee9 : H\u00e0n Qu\u1ed1c<\/span><\/li>\n<\/ul>","protected":false},"featured_media":4320,"comment_status":"closed","ping_status":"open","template":"","meta":{"inline_featured_image":false},"product_brand":[2136],"product_cat":[2065,2066],"product_tag":[],"class_list":{"0":"post-4319","1":"product","2":"type-product","3":"status-publish","4":"has-post-thumbnail","6":"product_brand-dukji","7":"product_cat-bom-dukji","8":"product_cat-bom-hoa-chat-dau-khi","10":"first","11":"instock","12":"product-type-simple"},"acf":[],"yoast_head":"<!-- This site is optimized with the Yoast SEO Premium plugin v20.9 (Yoast SEO v20.9) - https:\/\/yoast.com\/wordpress\/plugins\/seo\/ -->\n<title>B\u01a0M WESTCO DWC - C\u00f4ng Ty TNHH TM-DV K\u1ef9 Thu\u1eadt Ch\u00fang Ta<\/title>\n<meta name=\"robots\" content=\"index, follow, max-snippet:-1, max-image-preview:large, max-video-preview:-1\" \/>\n<link rel=\"canonical\" href=\"https:\/\/chungtatech.com.vn\/en\/product\/bom-westco-dwc\/\" \/>\n<meta property=\"og:locale\" content=\"en_US\" \/>\n<meta property=\"og:type\" content=\"article\" \/>\n<meta property=\"og:title\" content=\"B\u01a0M WESTCO DWC\" \/>\n<meta property=\"og:description\" content=\"M\u00e3 s\u1ea3n ph\u1ea9m: DWC  C\u00f4ng su\u1ea5t:\u00a0  B\u1ea3o h\u00e0nh: 12 Th\u00e1ng  Xu\u1ea5t x\u1ee9 : H\u00e0n Qu\u1ed1c\" \/>\n<meta property=\"og:url\" content=\"https:\/\/chungtatech.com.vn\/en\/product\/bom-westco-dwc\/\" \/>\n<meta property=\"og:site_name\" content=\"C\u00f4ng Ty TNHH TM-DV K\u1ef9 Thu\u1eadt Ch\u00fang Ta\" \/>\n<meta property=\"article:modified_time\" content=\"2025-11-18T07:54:16+00:00\" \/>\n<meta property=\"og:image\" content=\"https:\/\/chungtatech.com.vn\/wp-content\/uploads\/2025\/11\/dwc_01b.jpg\" \/>\n\t<meta property=\"og:image:width\" content=\"460\" \/>\n\t<meta property=\"og:image:height\" content=\"370\" \/>\n\t<meta property=\"og:image:type\" content=\"image\/jpeg\" \/>\n<meta name=\"twitter:card\" content=\"summary_large_image\" \/>\n<meta name=\"twitter:label1\" content=\"Est. reading time\" \/>\n\t<meta name=\"twitter:data1\" content=\"1 minute\" \/>\n<script type=\"application\/ld+json\" class=\"yoast-schema-graph\">{\"@context\":\"https:\/\/schema.org\",\"@graph\":[{\"@type\":\"WebPage\",\"@id\":\"https:\/\/chungtatech.com.vn\/san-pham\/bom-westco-dwc\/\",\"url\":\"https:\/\/chungtatech.com.vn\/san-pham\/bom-westco-dwc\/\",\"name\":\"B\u01a0M WESTCO DWC - C\u00f4ng Ty TNHH TM-DV K\u1ef9 Thu\u1eadt Ch\u00fang Ta\",\"isPartOf\":{\"@id\":\"https:\/\/chungtatech.com.vn\/#website\"},\"datePublished\":\"2025-11-12T09:19:00+00:00\",\"dateModified\":\"2025-11-18T07:54:16+00:00\",\"breadcrumb\":{\"@id\":\"https:\/\/chungtatech.com.vn\/san-pham\/bom-westco-dwc\/#breadcrumb\"},\"inLanguage\":\"en-US\",\"potentialAction\":[{\"@type\":\"ReadAction\",\"target\":[\"https:\/\/chungtatech.com.vn\/san-pham\/bom-westco-dwc\/\"]}]},{\"@type\":\"BreadcrumbList\",\"@id\":\"https:\/\/chungtatech.com.vn\/san-pham\/bom-westco-dwc\/#breadcrumb\",\"itemListElement\":[{\"@type\":\"ListItem\",\"position\":1,\"name\":\"Trang ch\u1ee7\",\"item\":\"https:\/\/chungtatech.com.vn\/\"},{\"@type\":\"ListItem\",\"position\":2,\"name\":\"S\u1ea3n ph\u1ea9m\",\"item\":\"https:\/\/chungtatech.com.vn\/san-pham\/\"},{\"@type\":\"ListItem\",\"position\":3,\"name\":\"B\u01a0M WESTCO DWC\"}]},{\"@type\":\"WebSite\",\"@id\":\"https:\/\/chungtatech.com.vn\/#website\",\"url\":\"https:\/\/chungtatech.com.vn\/\",\"name\":\"C\u00f4ng Ty TNHH TM-DV K\u1ef9 Thu\u1eadt Ch\u00fang Ta\",\"description\":\"\",\"potentialAction\":[{\"@type\":\"SearchAction\",\"target\":{\"@type\":\"EntryPoint\",\"urlTemplate\":\"https:\/\/chungtatech.com.vn\/?s={search_term_string}\"},\"query-input\":\"required name=search_term_string\"}],\"inLanguage\":\"en-US\"}]}<\/script>\n<!-- \/ Yoast SEO Premium plugin. -->","yoast_head_json":{"title":"B\u01a0M WESTCO DWC - C\u00f4ng Ty TNHH TM-DV K\u1ef9 Thu\u1eadt Ch\u00fang Ta","robots":{"index":"index","follow":"follow","max-snippet":"max-snippet:-1","max-image-preview":"max-image-preview:large","max-video-preview":"max-video-preview:-1"},"canonical":"https:\/\/chungtatech.com.vn\/en\/product\/bom-westco-dwc\/","og_locale":"en_US","og_type":"article","og_title":"B\u01a0M WESTCO DWC","og_description":"M\u00e3 s\u1ea3n ph\u1ea9m: DWC  C\u00f4ng su\u1ea5t:\u00a0  B\u1ea3o h\u00e0nh: 12 Th\u00e1ng  Xu\u1ea5t x\u1ee9 : H\u00e0n Qu\u1ed1c","og_url":"https:\/\/chungtatech.com.vn\/en\/product\/bom-westco-dwc\/","og_site_name":"C\u00f4ng Ty TNHH TM-DV K\u1ef9 Thu\u1eadt Ch\u00fang Ta","article_modified_time":"2025-11-18T07:54:16+00:00","og_image":[{"width":460,"height":370,"url":"https:\/\/chungtatech.com.vn\/wp-content\/uploads\/2025\/11\/dwc_01b.jpg","type":"image\/jpeg"}],"twitter_card":"summary_large_image","twitter_misc":{"Est. reading time":"1 minute"},"schema":{"@context":"https:\/\/schema.org","@graph":[{"@type":"WebPage","@id":"https:\/\/chungtatech.com.vn\/san-pham\/bom-westco-dwc\/","url":"https:\/\/chungtatech.com.vn\/san-pham\/bom-westco-dwc\/","name":"B\u01a0M WESTCO DWC - C\u00f4ng Ty TNHH TM-DV K\u1ef9 Thu\u1eadt Ch\u00fang Ta","isPartOf":{"@id":"https:\/\/chungtatech.com.vn\/#website"},"datePublished":"2025-11-12T09:19:00+00:00","dateModified":"2025-11-18T07:54:16+00:00","breadcrumb":{"@id":"https:\/\/chungtatech.com.vn\/san-pham\/bom-westco-dwc\/#breadcrumb"},"inLanguage":"en-US","potentialAction":[{"@type":"ReadAction","target":["https:\/\/chungtatech.com.vn\/san-pham\/bom-westco-dwc\/"]}]},{"@type":"BreadcrumbList","@id":"https:\/\/chungtatech.com.vn\/san-pham\/bom-westco-dwc\/#breadcrumb","itemListElement":[{"@type":"ListItem","position":1,"name":"Trang ch\u1ee7","item":"https:\/\/chungtatech.com.vn\/"},{"@type":"ListItem","position":2,"name":"S\u1ea3n ph\u1ea9m","item":"https:\/\/chungtatech.com.vn\/san-pham\/"},{"@type":"ListItem","position":3,"name":"B\u01a0M WESTCO DWC"}]},{"@type":"WebSite","@id":"https:\/\/chungtatech.com.vn\/#website","url":"https:\/\/chungtatech.com.vn\/","name":"C\u00f4ng Ty TNHH TM-DV K\u1ef9 Thu\u1eadt Ch\u00fang Ta","description":"","potentialAction":[{"@type":"SearchAction","target":{"@type":"EntryPoint","urlTemplate":"https:\/\/chungtatech.com.vn\/?s={search_term_string}"},"query-input":"required name=search_term_string"}],"inLanguage":"en-US"}]}},"_links":{"self":[{"href":"https:\/\/chungtatech.com.vn\/en\/wp-json\/wp\/v2\/product\/4319","targetHints":{"allow":["GET"]}}],"collection":[{"href":"https:\/\/chungtatech.com.vn\/en\/wp-json\/wp\/v2\/product"}],"about":[{"href":"https:\/\/chungtatech.com.vn\/en\/wp-json\/wp\/v2\/types\/product"}],"replies":[{"embeddable":true,"href":"https:\/\/chungtatech.com.vn\/en\/wp-json\/wp\/v2\/comments?post=4319"}],"wp:featuredmedia":[{"embeddable":true,"href":"https:\/\/chungtatech.com.vn\/en\/wp-json\/wp\/v2\/media\/4320"}],"wp:attachment":[{"href":"https:\/\/chungtatech.com.vn\/en\/wp-json\/wp\/v2\/media?parent=4319"}],"wp:term":[{"taxonomy":"product_brand","embeddable":true,"href":"https:\/\/chungtatech.com.vn\/en\/wp-json\/wp\/v2\/product_brand?post=4319"},{"taxonomy":"product_cat","embeddable":true,"href":"https:\/\/chungtatech.com.vn\/en\/wp-json\/wp\/v2\/product_cat?post=4319"},{"taxonomy":"product_tag","embeddable":true,"href":"https:\/\/chungtatech.com.vn\/en\/wp-json\/wp\/v2\/product_tag?post=4319"}],"curies":[{"name":"wp","href":"https:\/\/api.w.org\/{rel}","templated":true}]}}