{"id":4548,"date":"2025-11-12T16:34:25","date_gmt":"2025-11-12T09:34:25","guid":{"rendered":"https:\/\/chungtatech.123websitedev.com\/san-pham\/giay-bhld-han-quoc-wells-model-ws-800ha\/"},"modified":"2025-12-08T17:14:25","modified_gmt":"2025-12-08T10:14:25","slug":"giay-bhld-han-quoc-wells-model-ws-800ha","status":"publish","type":"product","link":"https:\/\/chungtatech.com.vn\/en\/product\/giay-bhld-han-quoc-wells-model-ws-800ha\/","title":{"rendered":"KOREAN LABOR PROTECTION SHOES WELLS MODEL WS-800HA"},"content":{"rendered":"<p><a href=\"https:\/\/chungtatech.com.vn\/en\/ws-800ha-2-2\/\"><img loading=\"lazy\" decoding=\"async\" class=\"alignnone  wp-image-2571\" src=\"https:\/\/chungtatech.com.vn\/wp-content\/uploads\/2025\/11\/WS-800HA-1-283x400.jpg\" alt=\"\" width=\"678\" height=\"958\" \/><\/a><\/p>","protected":false},"excerpt":{"rendered":"<p>\u2022 Model: WS-800HA<br \/>\n\u2022 M\u00e0u: Grey<br \/>\n\u2022 Ch\u1ea5t li\u1ec7u: Nature Cowhide<br \/>\n\u2022 \u0110\u1ebf gi\u00e0y: Pu + Rubber Injection<br \/>\n\u2022 Size: 230mm-300mm<br \/>\n\u2022 S\u1ea3n xu\u1ea5t: H\u00e0n Qu\u1ed1c<\/p>","protected":false},"featured_media":4511,"comment_status":"closed","ping_status":"closed","template":"","meta":{"inline_featured_image":false},"product_brand":[],"product_cat":[2140,15],"product_tag":[],"class_list":{"0":"post-4548","1":"product","2":"type-product","3":"status-publish","4":"has-post-thumbnail","6":"product_cat-wells-korea","7":"product_cat-chua-phan-loai","9":"first","10":"instock","11":"product-type-simple"},"acf":[],"yoast_head":"<!-- This site is optimized with the Yoast SEO Premium plugin v20.9 (Yoast SEO v20.9) - https:\/\/yoast.com\/wordpress\/plugins\/seo\/ -->\n<title>GI\u00c0Y BHL\u0110 H\u00c0N QU\u1ed0C WELLS MODEL WS-800HA - C\u00f4ng Ty TNHH TM-DV K\u1ef9 Thu\u1eadt Ch\u00fang Ta<\/title>\n<meta name=\"robots\" content=\"index, follow, max-snippet:-1, max-image-preview:large, max-video-preview:-1\" \/>\n<link rel=\"canonical\" href=\"https:\/\/chungtatech.com.vn\/en\/product\/giay-bhld-han-quoc-wells-model-ws-800ha\/\" \/>\n<meta property=\"og:locale\" content=\"en_US\" \/>\n<meta property=\"og:type\" content=\"article\" \/>\n<meta property=\"og:title\" content=\"GI\u00c0Y BHL\u0110 H\u00c0N QU\u1ed0C WELLS MODEL WS-800HA\" \/>\n<meta property=\"og:description\" content=\"\u2022 Model: WS-800HA \u2022 M\u00e0u: Grey \u2022 Ch\u1ea5t li\u1ec7u: Nature Cowhide \u2022 \u0110\u1ebf gi\u00e0y: Pu + Rubber Injection \u2022 Size: 230mm-300mm \u2022 S\u1ea3n xu\u1ea5t: H\u00e0n Qu\u1ed1c\" \/>\n<meta property=\"og:url\" content=\"https:\/\/chungtatech.com.vn\/en\/product\/giay-bhld-han-quoc-wells-model-ws-800ha\/\" \/>\n<meta property=\"og:site_name\" content=\"C\u00f4ng Ty TNHH TM-DV K\u1ef9 Thu\u1eadt Ch\u00fang Ta\" \/>\n<meta property=\"article:modified_time\" content=\"2025-12-08T10:14:25+00:00\" \/>\n<meta property=\"og:image\" content=\"https:\/\/chungtatech.com.vn\/wp-content\/uploads\/2025\/11\/WS-800HA.jpg\" \/>\n\t<meta property=\"og:image:width\" content=\"370\" \/>\n\t<meta property=\"og:image:height\" content=\"272\" \/>\n\t<meta property=\"og:image:type\" content=\"image\/jpeg\" \/>\n<meta name=\"twitter:card\" content=\"summary_large_image\" \/>\n<script type=\"application\/ld+json\" class=\"yoast-schema-graph\">{\"@context\":\"https:\/\/schema.org\",\"@graph\":[{\"@type\":\"WebPage\",\"@id\":\"https:\/\/chungtatech.com.vn\/san-pham\/giay-bhld-han-quoc-wells-model-ws-800ha\/\",\"url\":\"https:\/\/chungtatech.com.vn\/san-pham\/giay-bhld-han-quoc-wells-model-ws-800ha\/\",\"name\":\"GI\u00c0Y BHL\u0110 H\u00c0N QU\u1ed0C WELLS MODEL WS-800HA - C\u00f4ng Ty TNHH TM-DV K\u1ef9 Thu\u1eadt Ch\u00fang Ta\",\"isPartOf\":{\"@id\":\"https:\/\/chungtatech.com.vn\/#website\"},\"datePublished\":\"2025-11-12T09:34:25+00:00\",\"dateModified\":\"2025-12-08T10:14:25+00:00\",\"breadcrumb\":{\"@id\":\"https:\/\/chungtatech.com.vn\/san-pham\/giay-bhld-han-quoc-wells-model-ws-800ha\/#breadcrumb\"},\"inLanguage\":\"en-US\",\"potentialAction\":[{\"@type\":\"ReadAction\",\"target\":[\"https:\/\/chungtatech.com.vn\/san-pham\/giay-bhld-han-quoc-wells-model-ws-800ha\/\"]}]},{\"@type\":\"BreadcrumbList\",\"@id\":\"https:\/\/chungtatech.com.vn\/san-pham\/giay-bhld-han-quoc-wells-model-ws-800ha\/#breadcrumb\",\"itemListElement\":[{\"@type\":\"ListItem\",\"position\":1,\"name\":\"Trang ch\u1ee7\",\"item\":\"https:\/\/chungtatech.com.vn\/\"},{\"@type\":\"ListItem\",\"position\":2,\"name\":\"S\u1ea3n ph\u1ea9m\",\"item\":\"https:\/\/chungtatech.com.vn\/san-pham\/\"},{\"@type\":\"ListItem\",\"position\":3,\"name\":\"GI\u00c0Y BHL\u0110 H\u00c0N QU\u1ed0C WELLS MODEL WS-800HA\"}]},{\"@type\":\"WebSite\",\"@id\":\"https:\/\/chungtatech.com.vn\/#website\",\"url\":\"https:\/\/chungtatech.com.vn\/\",\"name\":\"C\u00f4ng Ty TNHH TM-DV K\u1ef9 Thu\u1eadt Ch\u00fang Ta\",\"description\":\"\",\"potentialAction\":[{\"@type\":\"SearchAction\",\"target\":{\"@type\":\"EntryPoint\",\"urlTemplate\":\"https:\/\/chungtatech.com.vn\/?s={search_term_string}\"},\"query-input\":\"required name=search_term_string\"}],\"inLanguage\":\"en-US\"}]}<\/script>\n<!-- \/ Yoast SEO Premium plugin. -->","yoast_head_json":{"title":"GI\u00c0Y BHL\u0110 H\u00c0N QU\u1ed0C WELLS MODEL WS-800HA - C\u00f4ng Ty TNHH TM-DV K\u1ef9 Thu\u1eadt Ch\u00fang Ta","robots":{"index":"index","follow":"follow","max-snippet":"max-snippet:-1","max-image-preview":"max-image-preview:large","max-video-preview":"max-video-preview:-1"},"canonical":"https:\/\/chungtatech.com.vn\/en\/product\/giay-bhld-han-quoc-wells-model-ws-800ha\/","og_locale":"en_US","og_type":"article","og_title":"GI\u00c0Y BHL\u0110 H\u00c0N QU\u1ed0C WELLS MODEL WS-800HA","og_description":"\u2022 Model: WS-800HA \u2022 M\u00e0u: Grey \u2022 Ch\u1ea5t li\u1ec7u: Nature Cowhide \u2022 \u0110\u1ebf gi\u00e0y: Pu + Rubber Injection \u2022 Size: 230mm-300mm \u2022 S\u1ea3n xu\u1ea5t: H\u00e0n Qu\u1ed1c","og_url":"https:\/\/chungtatech.com.vn\/en\/product\/giay-bhld-han-quoc-wells-model-ws-800ha\/","og_site_name":"C\u00f4ng Ty TNHH TM-DV K\u1ef9 Thu\u1eadt Ch\u00fang Ta","article_modified_time":"2025-12-08T10:14:25+00:00","og_image":[{"width":370,"height":272,"url":"https:\/\/chungtatech.com.vn\/wp-content\/uploads\/2025\/11\/WS-800HA.jpg","type":"image\/jpeg"}],"twitter_card":"summary_large_image","schema":{"@context":"https:\/\/schema.org","@graph":[{"@type":"WebPage","@id":"https:\/\/chungtatech.com.vn\/san-pham\/giay-bhld-han-quoc-wells-model-ws-800ha\/","url":"https:\/\/chungtatech.com.vn\/san-pham\/giay-bhld-han-quoc-wells-model-ws-800ha\/","name":"GI\u00c0Y BHL\u0110 H\u00c0N QU\u1ed0C WELLS MODEL WS-800HA - C\u00f4ng Ty TNHH TM-DV K\u1ef9 Thu\u1eadt Ch\u00fang Ta","isPartOf":{"@id":"https:\/\/chungtatech.com.vn\/#website"},"datePublished":"2025-11-12T09:34:25+00:00","dateModified":"2025-12-08T10:14:25+00:00","breadcrumb":{"@id":"https:\/\/chungtatech.com.vn\/san-pham\/giay-bhld-han-quoc-wells-model-ws-800ha\/#breadcrumb"},"inLanguage":"en-US","potentialAction":[{"@type":"ReadAction","target":["https:\/\/chungtatech.com.vn\/san-pham\/giay-bhld-han-quoc-wells-model-ws-800ha\/"]}]},{"@type":"BreadcrumbList","@id":"https:\/\/chungtatech.com.vn\/san-pham\/giay-bhld-han-quoc-wells-model-ws-800ha\/#breadcrumb","itemListElement":[{"@type":"ListItem","position":1,"name":"Trang ch\u1ee7","item":"https:\/\/chungtatech.com.vn\/"},{"@type":"ListItem","position":2,"name":"S\u1ea3n ph\u1ea9m","item":"https:\/\/chungtatech.com.vn\/san-pham\/"},{"@type":"ListItem","position":3,"name":"GI\u00c0Y BHL\u0110 H\u00c0N QU\u1ed0C WELLS MODEL WS-800HA"}]},{"@type":"WebSite","@id":"https:\/\/chungtatech.com.vn\/#website","url":"https:\/\/chungtatech.com.vn\/","name":"C\u00f4ng Ty TNHH TM-DV K\u1ef9 Thu\u1eadt Ch\u00fang Ta","description":"","potentialAction":[{"@type":"SearchAction","target":{"@type":"EntryPoint","urlTemplate":"https:\/\/chungtatech.com.vn\/?s={search_term_string}"},"query-input":"required name=search_term_string"}],"inLanguage":"en-US"}]}},"_links":{"self":[{"href":"https:\/\/chungtatech.com.vn\/en\/wp-json\/wp\/v2\/product\/4548","targetHints":{"allow":["GET"]}}],"collection":[{"href":"https:\/\/chungtatech.com.vn\/en\/wp-json\/wp\/v2\/product"}],"about":[{"href":"https:\/\/chungtatech.com.vn\/en\/wp-json\/wp\/v2\/types\/product"}],"replies":[{"embeddable":true,"href":"https:\/\/chungtatech.com.vn\/en\/wp-json\/wp\/v2\/comments?post=4548"}],"wp:featuredmedia":[{"embeddable":true,"href":"https:\/\/chungtatech.com.vn\/en\/wp-json\/wp\/v2\/media\/4511"}],"wp:attachment":[{"href":"https:\/\/chungtatech.com.vn\/en\/wp-json\/wp\/v2\/media?parent=4548"}],"wp:term":[{"taxonomy":"product_brand","embeddable":true,"href":"https:\/\/chungtatech.com.vn\/en\/wp-json\/wp\/v2\/product_brand?post=4548"},{"taxonomy":"product_cat","embeddable":true,"href":"https:\/\/chungtatech.com.vn\/en\/wp-json\/wp\/v2\/product_cat?post=4548"},{"taxonomy":"product_tag","embeddable":true,"href":"https:\/\/chungtatech.com.vn\/en\/wp-json\/wp\/v2\/product_tag?post=4548"}],"curies":[{"name":"wp","href":"https:\/\/api.w.org\/{rel}","templated":true}]}}